{"id":123027,"date":"2023-03-14T16:51:57","date_gmt":"2023-03-14T15:51:57","guid":{"rendered":"https:\/\/preprod.group-gac.com\/?page_id=123027"},"modified":"2025-11-27T03:06:50","modified_gmt":"2025-11-27T02:06:50","slug":"actualites-fiscales","status":"publish","type":"page","link":"https:\/\/group-gac.com\/en\/tax-news\/","title":{"rendered":"Tax News"},"content":{"rendered":"<div data-elementor-type=\"wp-page\" data-elementor-id=\"123027\" class=\"elementor elementor-123027\" data-elementor-post-type=\"page\">\n\t\t\t\t<div class=\"elementor-element elementor-element-026d231 e-flex e-con-boxed e-con e-parent\" data-id=\"026d231\" data-element_type=\"container\" data-e-type=\"container\" data-settings=\"{&quot;background_background&quot;:&quot;gradient&quot;}\">\n\t\t\t\t\t<div class=\"e-con-inner\">\n\t\t<div class=\"elementor-element elementor-element-edacb54 e-con-full e-flex e-con e-child\" data-id=\"edacb54\" data-element_type=\"container\" data-e-type=\"container\">\n\t\t\t\t<div class=\"elementor-element elementor-element-54f06d7 elementor-widget elementor-widget-heading\" data-id=\"54f06d7\" data-element_type=\"widget\" data-e-type=\"widget\" data-widget_type=\"heading.default\">\n\t\t\t\t\t<h1 class=\"elementor-heading-title elementor-size-default\">Tax News<\/h1>\t\t\t\t<\/div>\n\t\t\t\t<div class=\"elementor-element elementor-element-a14ec83 elementor-widget elementor-widget-heading\" data-id=\"a14ec83\" data-element_type=\"widget\" data-e-type=\"widget\" data-widget_type=\"heading.default\">\n\t\t\t\t\t<h2 class=\"elementor-heading-title elementor-size-default\">Analyzed and commented by our experts<\/h2>\t\t\t\t<\/div>\n\t\t\t\t<\/div>\n\t\t\t\t\t<\/div>\n\t\t\t\t<\/div>\n\t\t<div class=\"elementor-element elementor-element-64a7e01 e-flex e-con-boxed e-con e-parent\" data-id=\"64a7e01\" data-element_type=\"container\" data-e-type=\"container\" data-settings=\"{&quot;background_background&quot;:&quot;classic&quot;}\">\n\t\t\t\t\t<div class=\"e-con-inner\">\n\t\t<div class=\"elementor-element elementor-element-06b911b e-con-full e-flex e-con e-child\" data-id=\"06b911b\" data-element_type=\"container\" data-e-type=\"container\">\n\t\t\t\t<div class=\"elementor-element elementor-element-bc9fb5f elementor-widget elementor-widget-jet-smart-filters-radio\" data-id=\"bc9fb5f\" data-element_type=\"widget\" data-e-type=\"widget\" data-widget_type=\"jet-smart-filters-radio.default\">\n\t\t\t\t<div class=\"elementor-widget-container\">\n\t\t\t\t\t<div class=\"jet-smart-filters-radio jet-filter jet-filter-indexed\" data-indexer-rule=\"show\" data-show-counter=\"\" data-change-counter=\"never\"><div class=\"jet-radio-list\" data-query-type=\"tax_query\" data-query-var=\"post_tag\" data-smart-filter=\"radio\" data-filter-id=\"250897\" data-apply-type=\"reload\" data-content-provider=\"jet-engine\" data-additional-providers=\"\" data-query-id=\"actus\" data-active-label=\"\" data-layout-options=\"{&quot;show_label&quot;:&quot;&quot;,&quot;display_options&quot;:{&quot;show_items_label&quot;:false,&quot;show_decorator&quot;:false,&quot;filter_image_size&quot;:&quot;full&quot;,&quot;show_counter&quot;:false}}\" data-query-var-suffix=\"\" data-apply-on=\"value\" data-can-deselect=\"1\"><form class=\"jet-radio-list-wrapper\" action=\"\"><fieldset><legend style=\"display:none;\">Etiquette Actu Fisc - Local<\/legend><div class=\"jet-radio-list__row jet-filter-row\">\n\t\t<label class=\"jet-radio-list__item\" tabindex=\"0\">\n\t\t<input\n\t\t\ttype=\"radio\"\n\t\t\tclass=\"jet-radio-list__input\"\n\t\t\tname=\"post_tag\"\n\t\t\tvalue=\"816\"\n\t\t\tdata-label=\"CIR\/CII\"\n\t\t\t\t\t\taria-label=\"CIR \/ CII\"\n\t\t\t\t\t>\n\t\t<div class=\"jet-radio-list__button\">\n\t\t\t\t\t\t<span class=\"jet-radio-list__label\">CIR \/ CII<\/span>\n\t\t\t\t\t<\/div>\n\t<\/label>\n<\/div>\n<div class=\"jet-radio-list__row jet-filter-row\">\n\t\t<label class=\"jet-radio-list__item\" tabindex=\"0\">\n\t\t<input\n\t\t\ttype=\"radio\"\n\t\t\tclass=\"jet-radio-list__input\"\n\t\t\tname=\"post_tag\"\n\t\t\tvalue=\"817\"\n\t\t\tdata-label=\"IP BOX\"\n\t\t\t\t\t\taria-label=\"IP BOX\"\n\t\t\t\t\t>\n\t\t<div class=\"jet-radio-list__button\">\n\t\t\t\t\t\t<span class=\"jet-radio-list__label\">IP BOX<\/span>\n\t\t\t\t\t<\/div>\n\t<\/label>\n<\/div>\n<div class=\"jet-radio-list__row jet-filter-row\">\n\t\t<label class=\"jet-radio-list__item\" tabindex=\"0\">\n\t\t<input\n\t\t\ttype=\"radio\"\n\t\t\tclass=\"jet-radio-list__input\"\n\t\t\tname=\"post_tag\"\n\t\t\tvalue=\"848\"\n\t\t\tdata-label=\"Autres dispositifs\"\n\t\t\t\t\t\taria-label=\"Other devices\"\n\t\t\t\t\t>\n\t\t<div class=\"jet-radio-list__button\">\n\t\t\t\t\t\t<span class=\"jet-radio-list__label\">Other devices<\/span>\n\t\t\t\t\t<\/div>\n\t<\/label>\n<\/div>\n<div class=\"jet-radio-list__row jet-filter-row\">\n\t\t<label class=\"jet-radio-list__item\" tabindex=\"0\">\n\t\t<input\n\t\t\ttype=\"radio\"\n\t\t\tclass=\"jet-radio-list__input\"\n\t\t\tname=\"post_tag\"\n\t\t\tvalue=\"916\"\n\t\t\tdata-label=\"Fiscalit\u00e9 locale\"\n\t\t\t\t\t\taria-label=\"Local taxation\"\n\t\t\t\t\t>\n\t\t<div class=\"jet-radio-list__button\">\n\t\t\t\t\t\t<span class=\"jet-radio-list__label\">Local taxation<\/span>\n\t\t\t\t\t<\/div>\n\t<\/label>\n<\/div>\n<\/fieldset><input type=\"hidden\" name=\"trp-form-language\" value=\"en\"\/><\/form><\/div>\n<\/div>\t\t\t\t<\/div>\n\t\t\t\t<\/div>\n\t\t\t\t<\/div>\n\t\t\t\t\t<\/div>\n\t\t\t\t<\/div>\n\t\t<div class=\"elementor-element elementor-element-31cc9fb e-flex e-con-boxed e-con e-parent\" data-id=\"31cc9fb\" data-element_type=\"container\" data-e-type=\"container\">\n\t\t\t\t\t<div class=\"e-con-inner\">\n\t\t\t\t<div class=\"elementor-element elementor-element-891e20f skt-advanced-tooltip-top elementor-widget elementor-widget-jet-listing-grid\" data-id=\"891e20f\" data-element_type=\"widget\" data-e-type=\"widget\" id=\"actus\" data-settings=\"{&quot;columns&quot;:&quot;3&quot;,&quot;columns_tablet&quot;:&quot;2&quot;,&quot;columns_mobile&quot;:&quot;1&quot;}\" data-widget_type=\"jet-listing-grid.default\">\n\t\t\t\t\t<div class=\"jet-listing-grid jet-listing-grid--lazy-load jet-listing jet-listing-grid-loading\" data-lazy-load=\"{&quot;offset&quot;:&quot;0px&quot;,&quot;post_id&quot;:123027,&quot;queried_id&quot;:&quot;123027|WP_Post&quot;}\"><div class=\"jet-listing-grid__loader\"><div class=\"jet-listing-grid__loader-spinner\"><\/div><\/div><\/div>\t\t\t\t<\/div>\n\t\t\t\t\t<\/div>\n\t\t\t\t<\/div>\n\t\t\t\t<\/div>","protected":false},"excerpt":{"rendered":"<p>Actualit\u00e9s fiscales Analys\u00e9es et comment\u00e9es par nos experts Etiquette Actu Fisc &#8211; Locale CIR\/CII IP BOX Autres dispositifs Fiscalit\u00e9 locale Bienvenue dans l&rsquo;univers de la fiscalit\u00e9 locale des entreprises ! Notre chronique vous propose un \u00e9clairage complet sur les derni\u00e8res r\u00e9glementations, les enjeux fiscaux et les impacts concrets pour votre soci\u00e9t\u00e9.\u00a0Ne manquez aucune actualit\u00e9 fiscale [&hellip;]<\/p>\n","protected":false},"author":42,"featured_media":0,"parent":0,"menu_order":0,"comment_status":"closed","ping_status":"closed","template":"elementor_header_footer","meta":{"_acf_changed":false,"_seopress_robots_primary_cat":"","_seopress_titles_title":"","_seopress_titles_desc":"Retrouvez toutes nos actualit\u00e9s fiscales, analys\u00e9es et comment\u00e9es par nos experts.","_seopress_robots_index":"","site-sidebar-layout":"no-sidebar","site-content-layout":"page-builder","ast-site-content-layout":"full-width-container","site-content-style":"unboxed","site-sidebar-style":"unboxed","ast-global-header-display":"","ast-banner-title-visibility":"","ast-main-header-display":"","ast-hfb-above-header-display":"","ast-hfb-below-header-display":"","ast-hfb-mobile-header-display":"","site-post-title":"disabled","ast-breadcrumbs-content":"","ast-featured-img":"disabled","footer-sml-layout":"","ast-disable-related-posts":"","theme-transparent-header-meta":"","adv-header-id-meta":"","stick-header-meta":"","header-above-stick-meta":"","header-main-stick-meta":"","header-below-stick-meta":"","astra-migrate-meta-layouts":"set","ast-page-background-enabled":"default","ast-page-background-meta":{"desktop":{"background-color":"var(--ast-global-color-4)","background-image":"","background-repeat":"repeat","background-position":"center center","background-size":"auto","background-attachment":"scroll","background-type":"","background-media":"","overlay-type":"","overlay-color":"","overlay-opacity":"","overlay-gradient":""},"tablet":{"background-color":"","background-image":"","background-repeat":"repeat","background-position":"center center","background-size":"auto","background-attachment":"scroll","background-type":"","background-media":"","overlay-type":"","overlay-color":"","overlay-opacity":"","overlay-gradient":""},"mobile":{"background-color":"","background-image":"","background-repeat":"repeat","background-position":"center center","background-size":"auto","background-attachment":"scroll","background-type":"","background-media":"","overlay-type":"","overlay-color":"","overlay-opacity":"","overlay-gradient":""}},"ast-content-background-meta":{"desktop":{"background-color":"var(--ast-global-color-5)","background-image":"","background-repeat":"repeat","background-position":"center center","background-size":"auto","background-attachment":"scroll","background-type":"","background-media":"","overlay-type":"","overlay-color":"","overlay-opacity":"","overlay-gradient":""},"tablet":{"background-color":"var(--ast-global-color-5)","background-image":"","background-repeat":"repeat","background-position":"center center","background-size":"auto","background-attachment":"scroll","background-type":"","background-media":"","overlay-type":"","overlay-color":"","overlay-opacity":"","overlay-gradient":""},"mobile":{"background-color":"var(--ast-global-color-5)","background-image":"","background-repeat":"repeat","background-position":"center center","background-size":"auto","background-attachment":"scroll","background-type":"","background-media":"","overlay-type":"","overlay-color":"","overlay-opacity":"","overlay-gradient":""}},"footnotes":""},"business_unit":[],"offre":[],"secteur":[],"class_list":["post-123027","page","type-page","status-publish","hentry"],"acf":[],"_links":{"self":[{"href":"https:\/\/group-gac.com\/en\/wp-json\/wp\/v2\/pages\/123027","targetHints":{"allow":["GET"]}}],"collection":[{"href":"https:\/\/group-gac.com\/en\/wp-json\/wp\/v2\/pages"}],"about":[{"href":"https:\/\/group-gac.com\/en\/wp-json\/wp\/v2\/types\/page"}],"author":[{"embeddable":true,"href":"https:\/\/group-gac.com\/en\/wp-json\/wp\/v2\/users\/42"}],"replies":[{"embeddable":true,"href":"https:\/\/group-gac.com\/en\/wp-json\/wp\/v2\/comments?post=123027"}],"version-history":[{"count":0,"href":"https:\/\/group-gac.com\/en\/wp-json\/wp\/v2\/pages\/123027\/revisions"}],"wp:attachment":[{"href":"https:\/\/group-gac.com\/en\/wp-json\/wp\/v2\/media?parent=123027"}],"wp:term":[{"taxonomy":"business_unit","embeddable":true,"href":"https:\/\/group-gac.com\/en\/wp-json\/wp\/v2\/business_unit?post=123027"},{"taxonomy":"offre","embeddable":true,"href":"https:\/\/group-gac.com\/en\/wp-json\/wp\/v2\/offre?post=123027"},{"taxonomy":"secteur","embeddable":true,"href":"https:\/\/group-gac.com\/en\/wp-json\/wp\/v2\/secteur?post=123027"}],"curies":[{"name":"wp","href":"https:\/\/api.w.org\/{rel}","templated":true}]}}