{"id":147808,"date":"2023-08-25T11:06:23","date_gmt":"2023-08-25T09:06:23","guid":{"rendered":"https:\/\/preprod.group-gac.com\/?page_id=147808"},"modified":"2024-06-24T11:04:35","modified_gmt":"2024-06-24T09:04:35","slug":"emploi","status":"publish","type":"page","link":"https:\/\/group-gac.com\/en\/job\/","title":{"rendered":"job offer"},"content":{"rendered":"<div data-elementor-type=\"wp-page\" data-elementor-id=\"147808\" class=\"elementor elementor-147808\" data-elementor-post-type=\"page\">\n\t\t\t\t<div class=\"elementor-element elementor-element-33d7715 e-flex e-con-boxed e-con e-parent\" data-id=\"33d7715\" data-element_type=\"container\" data-e-type=\"container\">\n\t\t\t\t\t<div class=\"e-con-inner\">\n\t\t\t\t<div class=\"elementor-element elementor-element-fd2f633 elementor-widget elementor-widget-spacer\" data-id=\"fd2f633\" data-element_type=\"widget\" data-e-type=\"widget\" data-widget_type=\"spacer.default\">\n\t\t\t\t\t\t\t<div class=\"elementor-spacer\">\n\t\t\t<div class=\"elementor-spacer-inner\"><\/div>\n\t\t<\/div>\n\t\t\t\t\t\t<\/div>\n\t\t\t\t<div class=\"elementor-element elementor-element-49bdd85 elementor-widget elementor-widget-html\" data-id=\"49bdd85\" data-element_type=\"widget\" data-e-type=\"widget\" data-widget_type=\"html.default\">\n\t\t\t\t\t<div id='flatchrContent'><\/div>\r\n<script>\r\n   const urlParams = new URLSearchParams(window.location.search);\r\n   const myParam = urlParams.get('vacancy');\r\n   const apiUrl = `https:\/\/api.flatchr.io\/vacancy\/${myParam}`;\r\n   var html = '';\r\n   var offreURl= 'https:\/\/careers.flatchr.io\/vacancy\/';\r\n\r\n   fetch(apiUrl)\r\n     .then(response => response.json())\r\n     .then(data => {\r\n         offreURl += data.slug +'\/apply?';\r\n         html += '<h1>' + data.title +'<\/h1>'+ '<br>';\r\n         html += '<h2 class=\"flatchrTitle\">Description<\/h2> ' + data.description + '<br>';\r\n         html += '<h2 class=\"flatchrTitle\">Mission<\/h2> ' + data.mission + '<br>';\r\n         html += '<h2 class=\"flatchrTitle\">Profil<\/h2> ' + data.profile + '<br>';\r\n         html +=\r\n         '<div style=\"text-align: center; margin-bottom: 2em;\" data-element_type=\"widget\" data-widget_type=\"button.default\"><div class=\"elementor-widget-container\"><div class=\"elementor-button-wrapper\">\t<a class=\"elementor-button elementor-button-link elementor-size-lg\" target=\"_blank\" href=\"'+ offreURl\r\n         +'\"><span class=\"elementor-button-content-wrapper\">\t<span class=\"elementor-button-text\">Postuler<\/span>\t<\/span>\t<\/a>\t<\/div>\t<\/div><\/div>';\r\n         \r\n         document.getElementById(\"flatchrContent\").innerHTML = html;\r\n     })\r\n     .catch(error => {\r\n         html = 'Erreur lors de la r\u00e9cup\u00e9ration des donn\u00e9es ou offre ID non renseign\u00e9s';\r\n         document.getElementById(\"flatchrContent\").innerHTML = html;\r\n         \r\n       console.error('Erreur lors de la r\u00e9cup\u00e9ration des donn\u00e9es :', error);\r\n     });\r\n<\/script>\r\n\r\n\t\t\t\t<\/div>\n\t\t\t\t<div class=\"elementor-element elementor-element-24acaf2 elementor-widget elementor-widget-spacer\" data-id=\"24acaf2\" data-element_type=\"widget\" data-e-type=\"widget\" data-widget_type=\"spacer.default\">\n\t\t\t\t\t\t\t<div class=\"elementor-spacer\">\n\t\t\t<div class=\"elementor-spacer-inner\"><\/div>\n\t\t<\/div>\n\t\t\t\t\t\t<\/div>\n\t\t\t\t\t<\/div>\n\t\t\t\t<\/div>\n\t\t\t\t<\/div>","protected":false},"excerpt":{"rendered":"","protected":false},"author":20,"featured_media":0,"parent":0,"menu_order":0,"comment_status":"closed","ping_status":"closed","template":"","meta":{"_acf_changed":false,"_seopress_robots_primary_cat":"","_seopress_titles_title":"Offre d'emploi disponible actuellement au sein de G.A.C. Group","_seopress_titles_desc":"Dans le cadre de sa croissance et de son d\u00e9veloppement, G.A.C. Group renforce ses diff\u00e9rentes \u00e9quipes, d\u00e9couvrez notre offre actuelle!","_seopress_robots_index":"","site-sidebar-layout":"no-sidebar","site-content-layout":"page-builder","ast-site-content-layout":"full-width-container","site-content-style":"unboxed","site-sidebar-style":"unboxed","ast-global-header-display":"","ast-banner-title-visibility":"","ast-main-header-display":"","ast-hfb-above-header-display":"","ast-hfb-below-header-display":"","ast-hfb-mobile-header-display":"","site-post-title":"disabled","ast-breadcrumbs-content":"","ast-featured-img":"disabled","footer-sml-layout":"","ast-disable-related-posts":"","theme-transparent-header-meta":"","adv-header-id-meta":"","stick-header-meta":"","header-above-stick-meta":"","header-main-stick-meta":"","header-below-stick-meta":"","astra-migrate-meta-layouts":"set","ast-page-background-enabled":"default","ast-page-background-meta":{"desktop":{"background-color":"var(--ast-global-color-4)","background-image":"","background-repeat":"repeat","background-position":"center center","background-size":"auto","background-attachment":"scroll","background-type":"","background-media":"","overlay-type":"","overlay-color":"","overlay-opacity":"","overlay-gradient":""},"tablet":{"background-color":"","background-image":"","background-repeat":"repeat","background-position":"center center","background-size":"auto","background-attachment":"scroll","background-type":"","background-media":"","overlay-type":"","overlay-color":"","overlay-opacity":"","overlay-gradient":""},"mobile":{"background-color":"","background-image":"","background-repeat":"repeat","background-position":"center center","background-size":"auto","background-attachment":"scroll","background-type":"","background-media":"","overlay-type":"","overlay-color":"","overlay-opacity":"","overlay-gradient":""}},"ast-content-background-meta":{"desktop":{"background-color":"var(--ast-global-color-5)","background-image":"","background-repeat":"repeat","background-position":"center center","background-size":"auto","background-attachment":"scroll","background-type":"","background-media":"","overlay-type":"","overlay-color":"","overlay-opacity":"","overlay-gradient":""},"tablet":{"background-color":"var(--ast-global-color-5)","background-image":"","background-repeat":"repeat","background-position":"center center","background-size":"auto","background-attachment":"scroll","background-type":"","background-media":"","overlay-type":"","overlay-color":"","overlay-opacity":"","overlay-gradient":""},"mobile":{"background-color":"var(--ast-global-color-5)","background-image":"","background-repeat":"repeat","background-position":"center center","background-size":"auto","background-attachment":"scroll","background-type":"","background-media":"","overlay-type":"","overlay-color":"","overlay-opacity":"","overlay-gradient":""}},"footnotes":""},"business_unit":[],"offre":[],"secteur":[],"class_list":["post-147808","page","type-page","status-publish","hentry"],"acf":[],"_links":{"self":[{"href":"https:\/\/group-gac.com\/en\/wp-json\/wp\/v2\/pages\/147808","targetHints":{"allow":["GET"]}}],"collection":[{"href":"https:\/\/group-gac.com\/en\/wp-json\/wp\/v2\/pages"}],"about":[{"href":"https:\/\/group-gac.com\/en\/wp-json\/wp\/v2\/types\/page"}],"author":[{"embeddable":true,"href":"https:\/\/group-gac.com\/en\/wp-json\/wp\/v2\/users\/20"}],"replies":[{"embeddable":true,"href":"https:\/\/group-gac.com\/en\/wp-json\/wp\/v2\/comments?post=147808"}],"version-history":[{"count":0,"href":"https:\/\/group-gac.com\/en\/wp-json\/wp\/v2\/pages\/147808\/revisions"}],"wp:attachment":[{"href":"https:\/\/group-gac.com\/en\/wp-json\/wp\/v2\/media?parent=147808"}],"wp:term":[{"taxonomy":"business_unit","embeddable":true,"href":"https:\/\/group-gac.com\/en\/wp-json\/wp\/v2\/business_unit?post=147808"},{"taxonomy":"offre","embeddable":true,"href":"https:\/\/group-gac.com\/en\/wp-json\/wp\/v2\/offre?post=147808"},{"taxonomy":"secteur","embeddable":true,"href":"https:\/\/group-gac.com\/en\/wp-json\/wp\/v2\/secteur?post=147808"}],"curies":[{"name":"wp","href":"https:\/\/api.w.org\/{rel}","templated":true}]}}