{"id":24564,"date":"2020-12-17T12:46:34","date_gmt":"2020-12-17T11:46:34","guid":{"rendered":"http:\/\/dev.preprod.group-gac.com\/?page_id=24564"},"modified":"2023-12-06T06:03:38","modified_gmt":"2023-12-06T05:03:38","slug":"innovation","status":"publish","type":"page","link":"https:\/\/group-gac.com\/en\/innovation\/","title":{"rendered":"Innovation"},"content":{"rendered":"<div data-elementor-type=\"wp-page\" data-elementor-id=\"24564\" class=\"elementor elementor-24564\" data-elementor-post-type=\"page\">\n\t\t\t\t<div class=\"elementor-element elementor-element-2ff9863 hero-banner-secteur e-flex e-con-boxed e-con e-parent\" data-id=\"2ff9863\" data-element_type=\"container\" data-e-type=\"container\" data-settings=\"{&quot;background_background&quot;:&quot;gradient&quot;}\">\n\t\t\t\t\t<div class=\"e-con-inner\">\n\t\t<div class=\"elementor-element elementor-element-a6d1628 e-con-full e-flex e-con e-child\" data-id=\"a6d1628\" data-element_type=\"container\" data-e-type=\"container\">\n\t\t\t\t<div class=\"elementor-element elementor-element-c110a29 elementor-widget elementor-widget-heading\" data-id=\"c110a29\" data-element_type=\"widget\" data-e-type=\"widget\" data-widget_type=\"heading.default\">\n\t\t\t\t\t<h1 class=\"elementor-heading-title elementor-size-default\">Innovation<\/h1>\t\t\t\t<\/div>\n\t\t\t\t<div class=\"elementor-element elementor-element-521a146 elementor-widget elementor-widget-heading\" data-id=\"521a146\" data-element_type=\"widget\" data-e-type=\"widget\" data-widget_type=\"heading.default\">\n\t\t\t\t\t<h2 class=\"elementor-heading-title elementor-size-default\">Accelerate the development of businesses and territories through innovation and cooperation<\/h2>\t\t\t\t<\/div>\n\t\t\t\t<\/div>\n\t\t\t\t\t<\/div>\n\t\t\t\t<\/div>\n\t\t<div class=\"elementor-element elementor-element-bbcaf33 e-flex e-con-boxed e-con e-parent\" data-id=\"bbcaf33\" data-element_type=\"container\" data-e-type=\"container\" data-settings=\"{&quot;background_background&quot;:&quot;classic&quot;}\">\n\t\t\t\t\t<div class=\"e-con-inner\">\n\t\t\t\t<div class=\"elementor-element elementor-element-045bd78 elementor-widget elementor-widget-heading\" data-id=\"045bd78\" data-element_type=\"widget\" data-e-type=\"widget\" data-widget_type=\"heading.default\">\n\t\t\t\t\t<h2 class=\"elementor-heading-title elementor-size-default\">Our offer<\/h2>\t\t\t\t<\/div>\n\t\t\t\t<div class=\"elementor-element elementor-element-55064a1 elementor-widget elementor-widget-text-editor\" data-id=\"55064a1\" data-element_type=\"widget\" data-e-type=\"widget\" data-widget_type=\"text-editor.default\">\n\t\t\t\t\t\t\t\t\t<p>We put private and public actors in synergy in order to help them in the development of their <b>innovation strategy<\/b>, the <b>funding<\/b> of their projects, the <b>piloting<\/b> and the<b>evaluation<\/b>n of their performance and the<b>impact acceleration <\/b>societal, environmental and economic.<span style=\"font-style: inherit; font-weight: inherit; color: var( --e-global-color-secondary );\">\u00a0<\/span><\/p><p>Our mission, <b><i>Innovation &amp; Performance for Impact<\/i><\/b>, is embodied by measurable and sustainable results positively impacting the <b>competitiveness<\/b> organizations, <b>societal value<\/b> and the <b>international cooperation<\/b>.<\/p>\t\t\t\t\t\t\t\t<\/div>\n\t\t<div class=\"elementor-element elementor-element-edf7f4e e-con-full e-flex e-con e-child\" data-id=\"edf7f4e\" data-element_type=\"container\" data-e-type=\"container\">\n\t\t<div class=\"elementor-element elementor-element-e1d8081 e-con-full e-flex e-con e-child\" data-id=\"e1d8081\" data-element_type=\"container\" data-e-type=\"container\">\n\t\t\t\t<div class=\"elementor-element elementor-element-9b57fb2 elementor-align-center elementor-widget elementor-widget-button\" data-id=\"9b57fb2\" data-element_type=\"widget\" data-e-type=\"widget\" data-widget_type=\"button.default\">\n\t\t\t\t\t\t\t\t\t\t<a class=\"elementor-button elementor-button-link elementor-size-xl\" href=\"https:\/\/group-gac.com\/en\/innovation\/companies\/\">\n\t\t\t\t\t\t<span class=\"elementor-button-content-wrapper\">\n\t\t\t\t\t\t\t\t\t<span class=\"elementor-button-text\">Companies<\/span>\n\t\t\t\t\t<\/span>\n\t\t\t\t\t<\/a>\n\t\t\t\t\t\t\t\t<\/div>\n\t\t\t\t<\/div>\n\t\t<div class=\"elementor-element elementor-element-74b5c45 e-con-full e-flex e-con e-child\" data-id=\"74b5c45\" data-element_type=\"container\" data-e-type=\"container\">\n\t\t\t\t<div class=\"elementor-element elementor-element-fff3679 elementor-align-center elementor-widget elementor-widget-button\" data-id=\"fff3679\" data-element_type=\"widget\" data-e-type=\"widget\" data-widget_type=\"button.default\">\n\t\t\t\t\t\t\t\t\t\t<a class=\"elementor-button elementor-button-link elementor-size-xl\" href=\"https:\/\/group-gac.com\/en\/innovation\/companies\/\">\n\t\t\t\t\t\t<span class=\"elementor-button-content-wrapper\">\n\t\t\t\t\t\t\t\t\t<span class=\"elementor-button-text\">Public organizations<\/span>\n\t\t\t\t\t<\/span>\n\t\t\t\t\t<\/a>\n\t\t\t\t\t\t\t\t<\/div>\n\t\t\t\t<\/div>\n\t\t\t\t<\/div>\n\t\t\t\t\t<\/div>\n\t\t\t\t<\/div>\n\t\t\t\t<\/div>","protected":false},"excerpt":{"rendered":"<p>Innovation Acc\u00e9l\u00e9rer le d\u00e9veloppement des entreprises et des territoires par l\u2019innovation et la coop\u00e9ration Notre offre Nous mettons en synergie les acteurs priv\u00e9s et publics afin de les aider dans le d\u00e9veloppement de leur strat\u00e9gie d&rsquo;innovation, le financement de leurs projets, le pilotage et l&rsquo;\u00e9valuation de leur performance et l&rsquo;acc\u00e9l\u00e9ration des impacts soci\u00e9taux, environnementaux et [&hellip;]<\/p>\n","protected":false},"author":20,"featured_media":29583,"parent":0,"menu_order":0,"comment_status":"closed","ping_status":"closed","template":"elementor_header_footer","meta":{"_acf_changed":false,"_seopress_robots_primary_cat":"","_seopress_titles_title":"Nos services en Innovation | G.A.C. Group","_seopress_titles_desc":"G.A.C. aide les acteurs priv\u00e9s et publics dans le d\u00e9veloppement de leur strat\u00e9gie d&#039;innovation, et le financement de leurs projets. D\u00e9couvrez nos offres","_seopress_robots_index":"","site-sidebar-layout":"default","site-content-layout":"default","ast-site-content-layout":"default","site-content-style":"default","site-sidebar-style":"default","ast-global-header-display":"","ast-banner-title-visibility":"","ast-main-header-display":"","ast-hfb-above-header-display":"","ast-hfb-below-header-display":"","ast-hfb-mobile-header-display":"","site-post-title":"disabled","ast-breadcrumbs-content":"","ast-featured-img":"disabled","footer-sml-layout":"","ast-disable-related-posts":"","theme-transparent-header-meta":"default","adv-header-id-meta":"","stick-header-meta":"default","header-above-stick-meta":"","header-main-stick-meta":"","header-below-stick-meta":"","astra-migrate-meta-layouts":"set","ast-page-background-enabled":"default","ast-page-background-meta":{"desktop":{"background-color":"var(--ast-global-color-4)","background-image":"","background-repeat":"repeat","background-position":"center center","background-size":"auto","background-attachment":"scroll","background-type":"","background-media":"","overlay-type":"","overlay-color":"","overlay-opacity":"","overlay-gradient":""},"tablet":{"background-color":"","background-image":"","background-repeat":"repeat","background-position":"center center","background-size":"auto","background-attachment":"scroll","background-type":"","background-media":"","overlay-type":"","overlay-color":"","overlay-opacity":"","overlay-gradient":""},"mobile":{"background-color":"","background-image":"","background-repeat":"repeat","background-position":"center center","background-size":"auto","background-attachment":"scroll","background-type":"","background-media":"","overlay-type":"","overlay-color":"","overlay-opacity":"","overlay-gradient":""}},"ast-content-background-meta":{"desktop":{"background-color":"var(--ast-global-color-5)","background-image":"","background-repeat":"repeat","background-position":"center center","background-size":"auto","background-attachment":"scroll","background-type":"","background-media":"","overlay-type":"","overlay-color":"","overlay-opacity":"","overlay-gradient":""},"tablet":{"background-color":"var(--ast-global-color-5)","background-image":"","background-repeat":"repeat","background-position":"center center","background-size":"auto","background-attachment":"scroll","background-type":"","background-media":"","overlay-type":"","overlay-color":"","overlay-opacity":"","overlay-gradient":""},"mobile":{"background-color":"var(--ast-global-color-5)","background-image":"","background-repeat":"repeat","background-position":"center center","background-size":"auto","background-attachment":"scroll","background-type":"","background-media":"","overlay-type":"","overlay-color":"","overlay-opacity":"","overlay-gradient":""}},"footnotes":""},"business_unit":[],"offre":[],"secteur":[],"class_list":["post-24564","page","type-page","status-publish","has-post-thumbnail","hentry"],"acf":[],"_links":{"self":[{"href":"https:\/\/group-gac.com\/en\/wp-json\/wp\/v2\/pages\/24564","targetHints":{"allow":["GET"]}}],"collection":[{"href":"https:\/\/group-gac.com\/en\/wp-json\/wp\/v2\/pages"}],"about":[{"href":"https:\/\/group-gac.com\/en\/wp-json\/wp\/v2\/types\/page"}],"author":[{"embeddable":true,"href":"https:\/\/group-gac.com\/en\/wp-json\/wp\/v2\/users\/20"}],"replies":[{"embeddable":true,"href":"https:\/\/group-gac.com\/en\/wp-json\/wp\/v2\/comments?post=24564"}],"version-history":[{"count":0,"href":"https:\/\/group-gac.com\/en\/wp-json\/wp\/v2\/pages\/24564\/revisions"}],"wp:featuredmedia":[{"embeddable":true,"href":"https:\/\/group-gac.com\/en\/wp-json\/wp\/v2\/media\/29583"}],"wp:attachment":[{"href":"https:\/\/group-gac.com\/en\/wp-json\/wp\/v2\/media?parent=24564"}],"wp:term":[{"taxonomy":"business_unit","embeddable":true,"href":"https:\/\/group-gac.com\/en\/wp-json\/wp\/v2\/business_unit?post=24564"},{"taxonomy":"offre","embeddable":true,"href":"https:\/\/group-gac.com\/en\/wp-json\/wp\/v2\/offre?post=24564"},{"taxonomy":"secteur","embeddable":true,"href":"https:\/\/group-gac.com\/en\/wp-json\/wp\/v2\/secteur?post=24564"}],"curies":[{"name":"wp","href":"https:\/\/api.w.org\/{rel}","templated":true}]}}