{"id":33892,"date":"2021-03-22T16:07:58","date_gmt":"2021-03-22T15:07:58","guid":{"rendered":"https:\/\/dev.preprod.group-gac.com\/?page_id=33892"},"modified":"2023-04-25T16:28:14","modified_gmt":"2023-04-25T14:28:14","slug":"mentions-legales","status":"publish","type":"page","link":"https:\/\/group-gac.com\/en\/legal-notice\/","title":{"rendered":"Legal Notice"},"content":{"rendered":"<div class=\"wp-block-columns is-layout-flex wp-container-core-columns-is-layout-28f84493 wp-block-columns-is-layout-flex\">\n<div class=\"wp-block-column is-layout-flow wp-block-column-is-layout-flow\">\n<p><strong>Regarding the website editor:<\/strong><\/p>\n\n\n\n<p>Website <a href=\"https:\/\/group-gac.com\/en\/\">group-gac.com<\/a> is edited by GAC Group, SAS with share capital of \u20ac 33,020,354.<br>Headquarters: 11-13 Rue Ren\u00e9 Jacques, 92130 Issy-les-Moulineaux<\/p>\n\n\n\n<p>SIRET: 50982050200029<\/p>\n\n\n\n<p>Director of publication: Sofia DA SILVA<br>Host: OVH<br>Design and development : G.A.C Group<\/p>\n\n\n\n<p>The publisher undertakes to comply with all the laws concerning the establishment and activity of a website.<\/p>\n\n\n\n<p><strong>Regarding copyright:<\/strong><\/p>\n\n\n\n<p>The data published and the brands cited on group-gac.com are the exclusive property of their respective owners. Any total or partial reproduction of these texts, brands and \/ or logos, made from elements of the site without the express authorization of their owners is therefore prohibited, within the meaning of Article L. 713-2 of the Property Code. intellectual.<\/p>\n\n\n\n<p><strong>Concerning the protection of personal data:<\/strong><\/p>\n\n\n\n<p>GAC Group is a company committed to the protection of your privacy and your personal data.<\/p>\n\n\n\n<p>We take the necessary measures to ensure an adequate level of security for your personal data, in line with and in accordance with Law No. 78-17 of 6 January 1978, known as &quot;Informatique et Libert\u00e9s&quot; and European regulations, the RGPD (General Data Protection Regulation n \u00b0 2016\/79 of April 27, 2016).<\/p>\n\n\n\n<p>Consult our <a href=\"https:\/\/group-gac.com\/en\/privacy-policy\/\">privacy policy<\/a>.<\/p>\n<\/div>\n\n\n\n<div class=\"wp-block-column is-layout-flow wp-block-column-is-layout-flow\">\n<p><strong>Discharge of responibility :<\/strong><\/p>\n\n\n\n<p>GAC SAS, and all third parties involved in the creation of this site, give no warranty, express or implied, and assume no liability, relating to the use of this publication. As such, they can not be liable to a user or another party, direct or indirect, special, particular or incidental damage resulting from the use of this site or another site linked by hyperlink.<\/p>\n\n\n\n<p>Certain information and data available on the group-gac.com site are produced by third parties: GAC SAS undertakes to make its best efforts to guarantee that it is reliable, relevant, exact and exhaustive, but cannot be held responsible for errors, lack of availability of information and \/ or the presence of viruses on its site. The content of any feedback to GAC SAS will be deemed to be non-confidential and copyright free. Unless explicitly agreed beforehand, GAC SAS may freely use the ideas, concepts, know-how or techniques contained in this communication for any useful purpose, without restriction, to reproduce and disclose any information to third parties.<\/p>\n\n\n\n<p>The content of the pages of the site is presented for informational purposes only and does not constitute an offer to sell or canvassing with a view to offering specific GAC SAS products and services.<\/p>\n<\/div>\n<\/div>\n\n\n\n<div style=\"height:148px\" aria-hidden=\"true\" class=\"wp-block-spacer\"><\/div>","protected":false},"excerpt":{"rendered":"<p>Concernant l\u2019\u00e9diteur du site Internet : Le site Internet group-gac.com est \u00e9dit\u00e9 par G.A.C. Group, SAS au capital social de 33 020 354\u20ac.Si\u00e8ge social : 11-13 Rue Ren\u00e9 Jacques, 92130 Issy-les-Moulineaux SIRET : 50982050200029 Directrice de la publication : Sofia DA SILVAH\u00e9bergeur : OVHConception et d\u00e9veloppement : G.A.C Group L\u2019\u00e9diteur s\u2019engage \u00e0 respecter l\u2019ensemble des [&hellip;]<\/p>\n","protected":false},"author":20,"featured_media":0,"parent":0,"menu_order":0,"comment_status":"closed","ping_status":"closed","template":"","meta":{"_acf_changed":false,"_seopress_robots_primary_cat":"","_seopress_titles_title":"","_seopress_titles_desc":"","_seopress_robots_index":"","site-sidebar-layout":"default","site-content-layout":"plain-container","ast-site-content-layout":"default","site-content-style":"default","site-sidebar-style":"default","ast-global-header-display":"","ast-banner-title-visibility":"","ast-main-header-display":"","ast-hfb-above-header-display":"","ast-hfb-below-header-display":"","ast-hfb-mobile-header-display":"","site-post-title":"","ast-breadcrumbs-content":"","ast-featured-img":"","footer-sml-layout":"","ast-disable-related-posts":"","theme-transparent-header-meta":"default","adv-header-id-meta":"","stick-header-meta":"default","header-above-stick-meta":"","header-main-stick-meta":"","header-below-stick-meta":"","astra-migrate-meta-layouts":"default","ast-page-background-enabled":"default","ast-page-background-meta":{"desktop":{"background-color":"var(--ast-global-color-4)","background-image":"","background-repeat":"repeat","background-position":"center center","background-size":"auto","background-attachment":"scroll","background-type":"","background-media":"","overlay-type":"","overlay-color":"","overlay-opacity":"","overlay-gradient":""},"tablet":{"background-color":"","background-image":"","background-repeat":"repeat","background-position":"center center","background-size":"auto","background-attachment":"scroll","background-type":"","background-media":"","overlay-type":"","overlay-color":"","overlay-opacity":"","overlay-gradient":""},"mobile":{"background-color":"","background-image":"","background-repeat":"repeat","background-position":"center center","background-size":"auto","background-attachment":"scroll","background-type":"","background-media":"","overlay-type":"","overlay-color":"","overlay-opacity":"","overlay-gradient":""}},"ast-content-background-meta":{"desktop":{"background-color":"var(--ast-global-color-5)","background-image":"","background-repeat":"repeat","background-position":"center center","background-size":"auto","background-attachment":"scroll","background-type":"","background-media":"","overlay-type":"","overlay-color":"","overlay-opacity":"","overlay-gradient":""},"tablet":{"background-color":"var(--ast-global-color-5)","background-image":"","background-repeat":"repeat","background-position":"center center","background-size":"auto","background-attachment":"scroll","background-type":"","background-media":"","overlay-type":"","overlay-color":"","overlay-opacity":"","overlay-gradient":""},"mobile":{"background-color":"var(--ast-global-color-5)","background-image":"","background-repeat":"repeat","background-position":"center center","background-size":"auto","background-attachment":"scroll","background-type":"","background-media":"","overlay-type":"","overlay-color":"","overlay-opacity":"","overlay-gradient":""}},"footnotes":""},"business_unit":[],"offre":[],"secteur":[],"class_list":["post-33892","page","type-page","status-publish","hentry"],"acf":[],"_links":{"self":[{"href":"https:\/\/group-gac.com\/en\/wp-json\/wp\/v2\/pages\/33892","targetHints":{"allow":["GET"]}}],"collection":[{"href":"https:\/\/group-gac.com\/en\/wp-json\/wp\/v2\/pages"}],"about":[{"href":"https:\/\/group-gac.com\/en\/wp-json\/wp\/v2\/types\/page"}],"author":[{"embeddable":true,"href":"https:\/\/group-gac.com\/en\/wp-json\/wp\/v2\/users\/20"}],"replies":[{"embeddable":true,"href":"https:\/\/group-gac.com\/en\/wp-json\/wp\/v2\/comments?post=33892"}],"version-history":[{"count":0,"href":"https:\/\/group-gac.com\/en\/wp-json\/wp\/v2\/pages\/33892\/revisions"}],"wp:attachment":[{"href":"https:\/\/group-gac.com\/en\/wp-json\/wp\/v2\/media?parent=33892"}],"wp:term":[{"taxonomy":"business_unit","embeddable":true,"href":"https:\/\/group-gac.com\/en\/wp-json\/wp\/v2\/business_unit?post=33892"},{"taxonomy":"offre","embeddable":true,"href":"https:\/\/group-gac.com\/en\/wp-json\/wp\/v2\/offre?post=33892"},{"taxonomy":"secteur","embeddable":true,"href":"https:\/\/group-gac.com\/en\/wp-json\/wp\/v2\/secteur?post=33892"}],"curies":[{"name":"wp","href":"https:\/\/api.w.org\/{rel}","templated":true}]}}