{"id":339865,"date":"2025-05-15T17:28:48","date_gmt":"2025-05-15T15:28:48","guid":{"rendered":"https:\/\/group-gac.com\/?page_id=339865"},"modified":"2025-11-28T14:49:51","modified_gmt":"2025-11-28T13:49:51","slug":"podcasts-weperform","status":"publish","type":"page","link":"https:\/\/group-gac.com\/en\/weperform-podcasts\/","title":{"rendered":"Podcasts | WePerform By G.A.C. Group"},"content":{"rendered":"<div data-elementor-type=\"wp-page\" data-elementor-id=\"339865\" class=\"elementor elementor-339865\" data-elementor-post-type=\"page\">\n\t\t\t\t<div class=\"elementor-element elementor-element-03a991f hero-banner-secteur e-flex e-con-boxed e-con e-parent\" data-id=\"03a991f\" data-element_type=\"container\" data-e-type=\"container\" data-settings=\"{&quot;background_background&quot;:&quot;gradient&quot;}\">\n\t\t\t\t\t<div class=\"e-con-inner\">\n\t\t<div class=\"elementor-element elementor-element-a17d1d9 e-con-full e-flex e-con e-child\" data-id=\"a17d1d9\" data-element_type=\"container\" data-e-type=\"container\">\n\t\t\t\t<div class=\"elementor-element elementor-element-090b349 elementor-widget elementor-widget-heading\" data-id=\"090b349\" data-element_type=\"widget\" data-e-type=\"widget\" data-widget_type=\"heading.default\">\n\t\t\t\t\t<h1 class=\"elementor-heading-title elementor-size-default\">WePerform: The podcast that listens to performance<\/h1>\t\t\t\t<\/div>\n\t\t\t\t<div class=\"elementor-element elementor-element-dae81ee elementor-widget elementor-widget-heading\" data-id=\"dae81ee\" data-element_type=\"widget\" data-e-type=\"widget\" data-widget_type=\"heading.default\">\n\t\t\t\t\t<h2 class=\"elementor-heading-title elementor-size-default\">Our podcast explores the technical nuts and bolts that turn compliance into a strategic advantage<\/h2>\t\t\t\t<\/div>\n\t\t\t\t<\/div>\n\t\t\t\t\t<\/div>\n\t\t\t\t<\/div>\n\t\t<div class=\"elementor-element elementor-element-65fb146 e-flex e-con-boxed e-con e-parent\" data-id=\"65fb146\" data-element_type=\"container\" data-e-type=\"container\" data-settings=\"{&quot;background_background&quot;:&quot;classic&quot;}\">\n\t\t\t\t\t<div class=\"e-con-inner\">\n\t\t\t\t<div class=\"elementor-element elementor-element-379f6c7 elementor-widget elementor-widget-text-editor\" data-id=\"379f6c7\" data-element_type=\"widget\" data-e-type=\"widget\" data-widget_type=\"text-editor.default\">\n\t\t\t\t\t\t\t\t\t<p>In a world where every euro counts, <strong>WePerform<\/strong>\u00a0explores the technical nuts and bolts that turn compliance into a strategic advantage.<br \/>Local taxation, URSSAF, social charges, tax credits, regulatory obligations: behind these sometimes complex subjects lie powerful levers for boosting economic performance.<\/p><p>WePerform takes you where few take the time to go: into the discreet but decisive lines of your accounts.<\/p><p>Concrete cases, feedback from the field, useful case law and reflexes to adopt, so you can better manage, anticipate and defend your performance.<\/p><p>WePerform is for people who want to do more than just keep track of their accounts. CFOs, HR managers, tax managers, executives: your performance starts here.<\/p><p>With our experts, we don't just skim over concepts, we actually <strong>sets the scene<\/strong>they are <strong>illustrated by case studies<\/strong>and above all, we give you the <strong>good habits to adopt<\/strong>.<\/p><p>\ud83c\udfa7 <em>A G.A.C. Group podcast - For those who want to understand what costs... and what can pay off.<\/em><\/p>\t\t\t\t\t\t\t\t<\/div>\n\t\t\t\t\t<\/div>\n\t\t\t\t<\/div>\n\t\t<div class=\"elementor-element elementor-element-baa1a50 e-flex e-con-boxed e-con e-parent\" data-id=\"baa1a50\" data-element_type=\"container\" data-e-type=\"container\" data-settings=\"{&quot;background_background&quot;:&quot;classic&quot;}\">\n\t\t\t\t\t<div class=\"e-con-inner\">\n\t\t<div class=\"elementor-element elementor-element-23c525e e-flex e-con-boxed e-con e-child\" data-id=\"23c525e\" data-element_type=\"container\" data-e-type=\"container\">\n\t\t\t\t\t<div class=\"e-con-inner\">\n\t\t<div class=\"elementor-element elementor-element-cbd2f53 e-flex e-con-boxed e-con e-child\" data-id=\"cbd2f53\" data-element_type=\"container\" data-e-type=\"container\" data-settings=\"{&quot;background_background&quot;:&quot;classic&quot;}\">\n\t\t\t\t\t<div class=\"e-con-inner\">\n\t\t\t\t<div class=\"elementor-element elementor-element-dd52280 elementor-widget elementor-widget-heading\" data-id=\"dd52280\" data-element_type=\"widget\" data-e-type=\"widget\" data-widget_type=\"heading.default\">\n\t\t\t\t\t<h3 class=\"elementor-heading-title elementor-size-default\">Season 1<br><b>Justement tax\u00e9: the podcast that deciphers local taxation <\/b><\/h3>\t\t\t\t<\/div>\n\t\t<div class=\"elementor-element elementor-element-15c0a7c e-con-full e-flex e-con e-child\" data-id=\"15c0a7c\" data-element_type=\"container\" data-e-type=\"container\">\n\t\t\t\t<div class=\"elementor-element elementor-element-af2d2d1 elementor-widget elementor-widget-text-editor\" data-id=\"af2d2d1\" data-element_type=\"widget\" data-e-type=\"widget\" data-widget_type=\"text-editor.default\">\n\t\t\t\t\t\t\t\t\t<p>Anticipate risks, defend your rights, master your obligations as a CFO.<\/p><p>What should you do if you are reassessed? What are your rights when dealing with the authorities? How can you avoid common property tax and CFE errors?<br \/>In a series of clear, concrete and jargon-free episodes, our experts decipher for you the tax issues that are often feared... but never explained simply.<\/p><p>\ud83d\udca1 Listen, download, progress: here, each episode helps you to <strong>better manage your tax risks<\/strong>.<\/p>\t\t\t\t\t\t\t\t<\/div>\n\t\t\t\t<div class=\"elementor-element elementor-element-58f2643 elementor-widget elementor-widget-heading\" data-id=\"58f2643\" data-element_type=\"widget\" data-e-type=\"widget\" data-widget_type=\"heading.default\">\n\t\t\t\t\t<h4 class=\"elementor-heading-title elementor-size-default\">The toolbox of the taxpayer who has been reassessed for local taxes<\/h4>\t\t\t\t<\/div>\n\t\t\t\t<div class=\"elementor-element elementor-element-8e0342a elementor-widget__width-initial elementor-widget elementor-widget-html\" data-id=\"8e0342a\" data-element_type=\"widget\" data-e-type=\"widget\" data-widget_type=\"html.default\">\n\t\t\t\t\t<iframe name=\"Ausha Podcast Player\" frameborder=\"0\" loading=\"lazy\" id=\"ausha-FC90\" height=\"220\" style=\"border: none; width:100%; height:220px\" src=\"https:\/\/player.ausha.co\/?showId=oZgRjmHGQ1pL&color=%23232954&podcastId=EeMmvFzxqkjv&v=3&playerId=ausha-FC90\"><\/iframe><script src=\"https:\/\/player.ausha.co\/ausha-player.js\"><\/script>\r\n\t\t\t\t<\/div>\n\t\t\t\t<div class=\"elementor-element elementor-element-cf24989 elementor-widget__width-initial elementor-widget elementor-widget-html\" data-id=\"cf24989\" data-element_type=\"widget\" data-e-type=\"widget\" data-widget_type=\"html.default\">\n\t\t\t\t\t<iframe name=\"Ausha Podcast Player\" frameborder=\"0\" loading=\"lazy\" id=\"ausha-l1VH\" height=\"220\" style=\"border: none; width:100%; height:220px\" src=\"https:\/\/player.ausha.co\/?showId=oZgRjmHGQ1pL&color=%23751CBF&podcastId=MnGxpugX6WDp&v=3&playerId=ausha-l1VH\"><\/iframe><script src=https:\/\/player.ausha.co\/ausha-player.js><\/script>\t\t\t\t<\/div>\n\t\t\t\t<div class=\"elementor-element elementor-element-fbc027d elementor-widget elementor-widget-heading\" data-id=\"fbc027d\" data-element_type=\"widget\" data-e-type=\"widget\" data-widget_type=\"heading.default\">\n\t\t\t\t\t<h4 class=\"elementor-heading-title elementor-size-default\">Restructuring and similar operations<\/h4>\t\t\t\t<\/div>\n\t\t\t\t<div class=\"elementor-element elementor-element-573377f elementor-widget__width-initial elementor-widget elementor-widget-html\" data-id=\"573377f\" data-element_type=\"widget\" data-e-type=\"widget\" data-widget_type=\"html.default\">\n\t\t\t\t\t<iframe name=\"Ausha Podcast Player\" frameborder=\"0\" loading=\"lazy\" id=\"ausha-5F89\" height=\"220\" style=\"border: none; width:100%; height:220px\" src=\"https:\/\/player.ausha.co\/?showId=oZgRjmHGQ1pL&color=%23751CBF&podcastId=8Pd0qH1Yz0Rk&v=3&playerId=ausha-5F89\"><\/iframe><script src=\"https:\/\/player.ausha.co\/ausha-player.js\"><\/script>\r\n\t\t\t\t<\/div>\n\t\t\t\t<div class=\"elementor-element elementor-element-ffa92b4 elementor-widget__width-initial elementor-widget elementor-widget-html\" data-id=\"ffa92b4\" data-element_type=\"widget\" data-e-type=\"widget\" data-widget_type=\"html.default\">\n\t\t\t\t\t<iframe name=\"Ausha Podcast Player\" frameborder=\"0\" loading=\"lazy\" id=\"ausha-Mdc7\" height=\"220\" style=\"border: none; width:100%; height:220px\" src=\"https:\/\/player.ausha.co\/?showId=oZgRjmHGQ1pL&color=%23751CBF&podcastId=jnvpjuAG6zA2&v=3&playerId=ausha-Mdc7\"><\/iframe><script src=\"https:\/\/player.ausha.co\/ausha-player.js\"><\/script>\r\n\t\t\t\t<\/div>\n\t\t\t\t<\/div>\n\t\t\t\t\t<\/div>\n\t\t\t\t<\/div>\n\t\t\t\t\t<\/div>\n\t\t\t\t<\/div>\n\t\t\t\t\t<\/div>\n\t\t\t\t<\/div>\n\t\t<div class=\"elementor-element elementor-element-618ea5c e-flex e-con-boxed e-con e-parent\" data-id=\"618ea5c\" data-element_type=\"container\" data-e-type=\"container\">\n\t\t\t\t\t<div class=\"e-con-inner\">\n\t\t\t\t<div class=\"elementor-element elementor-element-17458e5 elementor-widget elementor-widget-text-editor\" data-id=\"17458e5\" data-element_type=\"widget\" data-e-type=\"widget\" data-widget_type=\"text-editor.default\">\n\t\t\t\t\t\t\t\t\t<h4><b>Discover our section dedicated to local tax issues:<\/b><\/h4>\t\t\t\t\t\t\t\t<\/div>\n\t\t\t\t<div class=\"elementor-element elementor-element-debda0e elementor-align-center elementor-widget elementor-widget-button\" data-id=\"debda0e\" data-element_type=\"widget\" data-e-type=\"widget\" data-widget_type=\"button.default\">\n\t\t\t\t\t\t\t\t\t\t<a class=\"elementor-button elementor-button-link elementor-size-xl\" href=\"\/actualites-fiscales\/filter\/post_tag:916\/\">\n\t\t\t\t\t\t<span class=\"elementor-button-content-wrapper\">\n\t\t\t\t\t\t\t\t\t<span class=\"elementor-button-text\">Subscribe<\/span>\n\t\t\t\t\t<\/span>\n\t\t\t\t\t<\/a>\n\t\t\t\t\t\t\t\t<\/div>\n\t\t\t\t<div class=\"elementor-element elementor-element-4465b6e elementor-widget elementor-widget-spacer\" data-id=\"4465b6e\" data-element_type=\"widget\" data-e-type=\"widget\" data-widget_type=\"spacer.default\">\n\t\t\t\t\t\t\t<div class=\"elementor-spacer\">\n\t\t\t<div class=\"elementor-spacer-inner\"><\/div>\n\t\t<\/div>\n\t\t\t\t\t\t<\/div>\n\t\t\t\t\t<\/div>\n\t\t\t\t<\/div>\n\t\t\t\t<\/div>","protected":false},"excerpt":{"rendered":"<p>WePerform : Le podcast qui met la performance sur \u00e9coute Notre podcast explore les rouages techniques qui transforment la conformit\u00e9 en avantage strat\u00e9gique Dans un monde o\u00f9 chaque euro compte, WePerform\u00a0explore les rouages techniques qui transforment la conformit\u00e9 en avantage strat\u00e9gique.Fiscalit\u00e9 locale, URSSAF, charges sociales, cr\u00e9dits d\u2019imp\u00f4t, obligations r\u00e9glementaires : derri\u00e8re ces sujets parfois complexes [&hellip;]<\/p>\n","protected":false},"author":43,"featured_media":339866,"parent":0,"menu_order":0,"comment_status":"closed","ping_status":"closed","template":"","meta":{"_acf_changed":false,"_seopress_robots_primary_cat":"","_seopress_titles_title":"Podcasts | Le podcast qui d\u00e9crypte la fiscalit\u00e9 locale","_seopress_titles_desc":"Dans un monde o\u00f9 chaque euro compte, WePerform explore les rouages techniques qui transforment la conformit\u00e9 en avantage strat\u00e9gique.","_seopress_robots_index":"","site-sidebar-layout":"no-sidebar","site-content-layout":"page-builder","ast-site-content-layout":"full-width-container","site-content-style":"unboxed","site-sidebar-style":"unboxed","ast-global-header-display":"","ast-banner-title-visibility":"","ast-main-header-display":"","ast-hfb-above-header-display":"","ast-hfb-below-header-display":"","ast-hfb-mobile-header-display":"","site-post-title":"disabled","ast-breadcrumbs-content":"","ast-featured-img":"disabled","footer-sml-layout":"","ast-disable-related-posts":"","theme-transparent-header-meta":"enabled","adv-header-id-meta":"24332","stick-header-meta":"disabled","header-above-stick-meta":"","header-main-stick-meta":"","header-below-stick-meta":"","astra-migrate-meta-layouts":"set","ast-page-background-enabled":"default","ast-page-background-meta":{"desktop":{"background-color":"var(--ast-global-color-4)","background-image":"","background-repeat":"repeat","background-position":"center center","background-size":"auto","background-attachment":"scroll","background-type":"","background-media":"","overlay-type":"","overlay-color":"","overlay-opacity":"","overlay-gradient":""},"tablet":{"background-color":"","background-image":"","background-repeat":"repeat","background-position":"center center","background-size":"auto","background-attachment":"scroll","background-type":"","background-media":"","overlay-type":"","overlay-color":"","overlay-opacity":"","overlay-gradient":""},"mobile":{"background-color":"","background-image":"","background-repeat":"repeat","background-position":"center center","background-size":"auto","background-attachment":"scroll","background-type":"","background-media":"","overlay-type":"","overlay-color":"","overlay-opacity":"","overlay-gradient":""}},"ast-content-background-meta":{"desktop":{"background-color":"var(--ast-global-color-5)","background-image":"","background-repeat":"repeat","background-position":"center center","background-size":"auto","background-attachment":"scroll","background-type":"","background-media":"","overlay-type":"","overlay-color":"","overlay-opacity":"","overlay-gradient":""},"tablet":{"background-color":"var(--ast-global-color-5)","background-image":"","background-repeat":"repeat","background-position":"center center","background-size":"auto","background-attachment":"scroll","background-type":"","background-media":"","overlay-type":"","overlay-color":"","overlay-opacity":"","overlay-gradient":""},"mobile":{"background-color":"var(--ast-global-color-5)","background-image":"","background-repeat":"repeat","background-position":"center center","background-size":"auto","background-attachment":"scroll","background-type":"","background-media":"","overlay-type":"","overlay-color":"","overlay-opacity":"","overlay-gradient":""}},"footnotes":""},"business_unit":[],"offre":[],"secteur":[],"class_list":["post-339865","page","type-page","status-publish","has-post-thumbnail","hentry"],"acf":[],"_links":{"self":[{"href":"https:\/\/group-gac.com\/en\/wp-json\/wp\/v2\/pages\/339865","targetHints":{"allow":["GET"]}}],"collection":[{"href":"https:\/\/group-gac.com\/en\/wp-json\/wp\/v2\/pages"}],"about":[{"href":"https:\/\/group-gac.com\/en\/wp-json\/wp\/v2\/types\/page"}],"author":[{"embeddable":true,"href":"https:\/\/group-gac.com\/en\/wp-json\/wp\/v2\/users\/43"}],"replies":[{"embeddable":true,"href":"https:\/\/group-gac.com\/en\/wp-json\/wp\/v2\/comments?post=339865"}],"version-history":[{"count":0,"href":"https:\/\/group-gac.com\/en\/wp-json\/wp\/v2\/pages\/339865\/revisions"}],"wp:featuredmedia":[{"embeddable":true,"href":"https:\/\/group-gac.com\/en\/wp-json\/wp\/v2\/media\/339866"}],"wp:attachment":[{"href":"https:\/\/group-gac.com\/en\/wp-json\/wp\/v2\/media?parent=339865"}],"wp:term":[{"taxonomy":"business_unit","embeddable":true,"href":"https:\/\/group-gac.com\/en\/wp-json\/wp\/v2\/business_unit?post=339865"},{"taxonomy":"offre","embeddable":true,"href":"https:\/\/group-gac.com\/en\/wp-json\/wp\/v2\/offre?post=339865"},{"taxonomy":"secteur","embeddable":true,"href":"https:\/\/group-gac.com\/en\/wp-json\/wp\/v2\/secteur?post=339865"}],"curies":[{"name":"wp","href":"https:\/\/api.w.org\/{rel}","templated":true}]}}