{"id":34502,"date":"2021-03-25T12:38:32","date_gmt":"2021-03-25T11:38:32","guid":{"rendered":"https:\/\/dev.preprod.group-gac.com\/?page_id=34502"},"modified":"2023-04-25T16:28:14","modified_gmt":"2023-04-25T14:28:14","slug":"merci-pour-votre-candidature","status":"publish","type":"page","link":"https:\/\/group-gac.com\/en\/thank-you-for-your-application\/","title":{"rendered":"Thank you for your application"},"content":{"rendered":"<div class=\"wp-block-columns is-layout-flex wp-container-core-columns-is-layout-28f84493 wp-block-columns-is-layout-flex\">\n<div class=\"wp-block-column is-layout-flow wp-block-column-is-layout-flow\" style=\"flex-basis:66.66%\">\n<p class=\"has-medium-font-size\">We have received your application, and thank you for your interest in us.<\/p>\n\n\n\n<p class=\"has-medium-font-size\">We will get back to you quickly !<\/p>\n<\/div>\n\n\n\n<div class=\"wp-block-column is-layout-flow wp-block-column-is-layout-flow\" style=\"flex-basis:33.33%\">\n<p>You will find our contact details below.<br>Do not hesitate to contact us by filling out the contact form.<\/p>\n\n\n\n<h4 class=\"wp-block-heading\">ADDRESS<\/h4>\n\n\n\n<p>GAC Group<br>11-13 Rue Ren\u00e9 Jacques<br>92130 Issy-les-Moulineaux<br><a rel=\"noreferrer noopener\" href=\"https:\/\/www.google.fr\/maps\/place\/GAC+Group\/@48.8234326,2.2587979,17z\/data=!3m1!4b1!4m5!3m4!1s0x47e66e49fc3a88f1:0xb15d9240eebe1a36!8m2!3d48.8234326!4d2.2609866\" target=\"_blank\">Find us on Google Map<\/a><\/p>\n\n\n\n<h4 class=\"wp-block-heading\">CONTACT<\/h4>\n\n\n\n<p>E-mail :\u00a0<a href=\"mailto:contact@group-gac.com\">contact@group-gac.com<\/a><br>Site:\u00a0<a href=\"https:\/\/group-gac.com\/en\/\">group-gac.com<\/a><br>Phone: 01 44 82 20 20<\/p>\n\n\n\n<h4 class=\"wp-block-heading\">OPENING TIME<\/h4>\n\n\n\n<p>The company is open from Monday to Friday<br>9:00 a.m. to 7:00 p.m.<br>Saturday: closed<br>Sunday: closed<\/p>\n<\/div>\n<\/div>","protected":false},"excerpt":{"rendered":"<p>Nous avons bien re\u00e7u votre demande de candidature, et vous remercions de l\u2019int\u00e9r\u00eat que vous nous portez. Nous reviendrons vers vous rapidement ! Vous trouverez ci-dessous nos coordonn\u00e9es.N\u2019h\u00e9sitez pas \u00e0 nous contacter en remplissant le formulaire de contact. ADRESSE GAC Group11-13 Rue Ren\u00e9 Jacques92130 Issy-les-MoulineauxNotre fiche Google Map CONTACT E-mail :\u00a0contact@group-gac.comSite :\u00a0group-gac.comT\u00e9l : 01 44 [&hellip;]<\/p>\n","protected":false},"author":20,"featured_media":0,"parent":0,"menu_order":0,"comment_status":"closed","ping_status":"closed","template":"","meta":{"_acf_changed":false,"_seopress_robots_primary_cat":"","_seopress_titles_title":"","_seopress_titles_desc":"","_seopress_robots_index":"","site-sidebar-layout":"default","site-content-layout":"plain-container","ast-site-content-layout":"default","site-content-style":"default","site-sidebar-style":"default","ast-global-header-display":"","ast-banner-title-visibility":"","ast-main-header-display":"","ast-hfb-above-header-display":"","ast-hfb-below-header-display":"","ast-hfb-mobile-header-display":"","site-post-title":"","ast-breadcrumbs-content":"","ast-featured-img":"","footer-sml-layout":"","ast-disable-related-posts":"","theme-transparent-header-meta":"default","adv-header-id-meta":"","stick-header-meta":"default","header-above-stick-meta":"","header-main-stick-meta":"","header-below-stick-meta":"","astra-migrate-meta-layouts":"default","ast-page-background-enabled":"default","ast-page-background-meta":{"desktop":{"background-color":"var(--ast-global-color-4)","background-image":"","background-repeat":"repeat","background-position":"center center","background-size":"auto","background-attachment":"scroll","background-type":"","background-media":"","overlay-type":"","overlay-color":"","overlay-opacity":"","overlay-gradient":""},"tablet":{"background-color":"","background-image":"","background-repeat":"repeat","background-position":"center center","background-size":"auto","background-attachment":"scroll","background-type":"","background-media":"","overlay-type":"","overlay-color":"","overlay-opacity":"","overlay-gradient":""},"mobile":{"background-color":"","background-image":"","background-repeat":"repeat","background-position":"center center","background-size":"auto","background-attachment":"scroll","background-type":"","background-media":"","overlay-type":"","overlay-color":"","overlay-opacity":"","overlay-gradient":""}},"ast-content-background-meta":{"desktop":{"background-color":"var(--ast-global-color-5)","background-image":"","background-repeat":"repeat","background-position":"center center","background-size":"auto","background-attachment":"scroll","background-type":"","background-media":"","overlay-type":"","overlay-color":"","overlay-opacity":"","overlay-gradient":""},"tablet":{"background-color":"var(--ast-global-color-5)","background-image":"","background-repeat":"repeat","background-position":"center center","background-size":"auto","background-attachment":"scroll","background-type":"","background-media":"","overlay-type":"","overlay-color":"","overlay-opacity":"","overlay-gradient":""},"mobile":{"background-color":"var(--ast-global-color-5)","background-image":"","background-repeat":"repeat","background-position":"center center","background-size":"auto","background-attachment":"scroll","background-type":"","background-media":"","overlay-type":"","overlay-color":"","overlay-opacity":"","overlay-gradient":""}},"footnotes":""},"business_unit":[],"offre":[],"secteur":[],"class_list":["post-34502","page","type-page","status-publish","hentry"],"acf":[],"_links":{"self":[{"href":"https:\/\/group-gac.com\/en\/wp-json\/wp\/v2\/pages\/34502","targetHints":{"allow":["GET"]}}],"collection":[{"href":"https:\/\/group-gac.com\/en\/wp-json\/wp\/v2\/pages"}],"about":[{"href":"https:\/\/group-gac.com\/en\/wp-json\/wp\/v2\/types\/page"}],"author":[{"embeddable":true,"href":"https:\/\/group-gac.com\/en\/wp-json\/wp\/v2\/users\/20"}],"replies":[{"embeddable":true,"href":"https:\/\/group-gac.com\/en\/wp-json\/wp\/v2\/comments?post=34502"}],"version-history":[{"count":0,"href":"https:\/\/group-gac.com\/en\/wp-json\/wp\/v2\/pages\/34502\/revisions"}],"wp:attachment":[{"href":"https:\/\/group-gac.com\/en\/wp-json\/wp\/v2\/media?parent=34502"}],"wp:term":[{"taxonomy":"business_unit","embeddable":true,"href":"https:\/\/group-gac.com\/en\/wp-json\/wp\/v2\/business_unit?post=34502"},{"taxonomy":"offre","embeddable":true,"href":"https:\/\/group-gac.com\/en\/wp-json\/wp\/v2\/offre?post=34502"},{"taxonomy":"secteur","embeddable":true,"href":"https:\/\/group-gac.com\/en\/wp-json\/wp\/v2\/secteur?post=34502"}],"curies":[{"name":"wp","href":"https:\/\/api.w.org\/{rel}","templated":true}]}}