{"id":345391,"date":"2025-05-28T15:57:05","date_gmt":"2025-05-28T13:57:05","guid":{"rendered":"https:\/\/group-gac.com\/?page_id=345391"},"modified":"2025-12-04T10:49:28","modified_gmt":"2025-12-04T09:49:28","slug":"podcasts-gac-group","status":"publish","type":"page","link":"https:\/\/group-gac.com\/en\/podcasts-gac-group-2\/","title":{"rendered":"Podcasts by G.A.C. Group"},"content":{"rendered":"<div data-elementor-type=\"wp-page\" data-elementor-id=\"345391\" class=\"elementor elementor-345391\" data-elementor-post-type=\"page\">\n\t\t\t\t<div class=\"elementor-element elementor-element-50dae66 hero-banner-secteur e-flex e-con-boxed e-con e-parent\" data-id=\"50dae66\" data-element_type=\"container\" data-e-type=\"container\" data-settings=\"{&quot;background_background&quot;:&quot;gradient&quot;}\">\n\t\t\t\t\t<div class=\"e-con-inner\">\n\t\t<div class=\"elementor-element elementor-element-64f90b7 e-con-full e-flex e-con e-child\" data-id=\"64f90b7\" data-element_type=\"container\" data-e-type=\"container\">\n\t\t\t\t<div class=\"elementor-element elementor-element-16f5364 elementor-widget elementor-widget-heading\" data-id=\"16f5364\" data-element_type=\"widget\" data-e-type=\"widget\" data-widget_type=\"heading.default\">\n\t\t\t\t\t<h1 class=\"elementor-heading-title elementor-size-default\">Podcasts by G.A.C. Group<\/h1>\t\t\t\t<\/div>\n\t\t\t\t<\/div>\n\t\t\t\t\t<\/div>\n\t\t\t\t<\/div>\n\t\t<div class=\"elementor-element elementor-element-f29b0d7 e-flex e-con-boxed e-con e-parent\" data-id=\"f29b0d7\" data-element_type=\"container\" data-e-type=\"container\" data-settings=\"{&quot;background_background&quot;:&quot;classic&quot;}\">\n\t\t\t\t\t<div class=\"e-con-inner\">\n\t\t\t\t<div class=\"elementor-element elementor-element-4ef37fb elementor-widget elementor-widget-heading\" data-id=\"4ef37fb\" data-element_type=\"widget\" data-e-type=\"widget\" data-widget_type=\"heading.default\">\n\t\t\t\t\t<h2 class=\"elementor-heading-title elementor-size-default\">\ud83c\udf99\ufe0f Welcome to G.A.C. Group podcasts<\/h2>\t\t\t\t<\/div>\n\t\t\t\t<div class=\"elementor-element elementor-element-055a3c6 elementor-widget elementor-widget-text-editor\" data-id=\"055a3c6\" data-element_type=\"widget\" data-e-type=\"widget\" data-widget_type=\"text-editor.default\">\n\t\t\t\t\t\t\t\t\t<p data-start=\"149\" data-end=\"342\">Dive into <em data-start=\"220\" data-end=\"231\">WeImpact<\/em> and <em data-start=\"235\" data-end=\"247\">WePerform<\/em>our two podcast channels dedicated to business transformation and performance.<\/p><p data-start=\"916\" data-end=\"1011\">\ud83c\udfa7 Content designed to support you, inspire you and make you more efficient.<\/p>\t\t\t\t\t\t\t\t<\/div>\n\t\t<div class=\"elementor-element elementor-element-4dbe697 e-con-full e-flex e-con e-child\" data-id=\"4dbe697\" data-element_type=\"container\" data-e-type=\"container\">\n\t\t<div class=\"elementor-element elementor-element-072f9ab e-con-full e-flex e-con e-child\" data-id=\"072f9ab\" data-element_type=\"container\" data-e-type=\"container\">\n\t\t<div class=\"elementor-element elementor-element-97a719b e-con-full e-flex e-con e-child\" data-id=\"97a719b\" data-element_type=\"container\" data-e-type=\"container\">\n\t\t\t\t<div class=\"elementor-element elementor-element-e8c692f elementor-widget elementor-widget-heading\" data-id=\"e8c692f\" data-element_type=\"widget\" data-e-type=\"widget\" data-widget_type=\"heading.default\">\n\t\t\t\t\t<h2 class=\"elementor-heading-title elementor-size-default\">WeImpact<\/h2>\t\t\t\t<\/div>\n\t\t\t\t<div class=\"elementor-element elementor-element-6672403 elementor-widget elementor-widget-text-editor\" data-id=\"6672403\" data-element_type=\"widget\" data-e-type=\"widget\" data-widget_type=\"text-editor.default\">\n\t\t\t\t\t\t\t\t\t<p><strong data-start=\"347\" data-end=\"360\">WeImpact<\/strong> explores major environmental, social and economic transitions. Through the testimonies of experts, managers and committed players, we decipher the challenges of positive impact and the levers for change.<\/p>\t\t\t\t\t\t\t\t<\/div>\n\t\t\t\t<div class=\"elementor-element elementor-element-d185d0b elementor-widget elementor-widget-image\" data-id=\"d185d0b\" data-element_type=\"widget\" data-e-type=\"widget\" data-widget_type=\"image.default\">\n\t\t\t\t\t\t\t\t\t\t\t\t\t\t\t\t<a href=\"https:\/\/group-gac.com\/en\/podcasts-weimpact\/\">\n\t\t\t\t\t\t\t<img fetchpriority=\"high\" decoding=\"async\" width=\"1030\" height=\"579\" src=\"https:\/\/group-gac.com\/wp-content\/uploads\/2025\/08\/Site-WeImpact-1-1030x579.jpg\" class=\"attachment-large size-large wp-image-369549\" alt=\"podcast - we impact\" srcset=\"https:\/\/group-gac.com\/wp-content\/uploads\/2025\/08\/Site-WeImpact-1-1030x579.jpg 1030w, https:\/\/group-gac.com\/wp-content\/uploads\/2025\/08\/Site-WeImpact-1-300x169.jpg 300w, https:\/\/group-gac.com\/wp-content\/uploads\/2025\/08\/Site-WeImpact-1-768x432.jpg 768w, https:\/\/group-gac.com\/wp-content\/uploads\/2025\/08\/Site-WeImpact-1-1536x864.jpg 1536w, https:\/\/group-gac.com\/wp-content\/uploads\/2025\/08\/Site-WeImpact-1-18x10.jpg 18w, https:\/\/group-gac.com\/wp-content\/uploads\/2025\/08\/Site-WeImpact-1.jpg 1920w\" sizes=\"(max-width: 1030px) 100vw, 1030px\" \/>\t\t\t\t\t\t\t\t<\/a>\n\t\t\t\t\t\t\t\t\t\t\t\t\t\t\t<\/div>\n\t\t\t\t<\/div>\n\t\t\t\t<div class=\"elementor-element elementor-element-9fb81ea elementor-align-center elementor-widget elementor-widget-button\" data-id=\"9fb81ea\" data-element_type=\"widget\" data-e-type=\"widget\" data-widget_type=\"button.default\">\n\t\t\t\t\t\t\t\t\t\t<a class=\"elementor-button elementor-button-link elementor-size-sm\" href=\"https:\/\/group-gac.com\/en\/podcasts-weimpact\/\">\n\t\t\t\t\t\t<span class=\"elementor-button-content-wrapper\">\n\t\t\t\t\t\t\t\t\t<span class=\"elementor-button-text\">Discover the podcast<\/span>\n\t\t\t\t\t<\/span>\n\t\t\t\t\t<\/a>\n\t\t\t\t\t\t\t\t<\/div>\n\t\t\t\t<div class=\"elementor-element elementor-element-9ce1d0f elementor-widget elementor-widget-spacer\" data-id=\"9ce1d0f\" data-element_type=\"widget\" data-e-type=\"widget\" data-widget_type=\"spacer.default\">\n\t\t\t\t\t\t\t<div class=\"elementor-spacer\">\n\t\t\t<div class=\"elementor-spacer-inner\"><\/div>\n\t\t<\/div>\n\t\t\t\t\t\t<\/div>\n\t\t\t\t<\/div>\n\t\t<div class=\"elementor-element elementor-element-835e906 e-con-full e-flex e-con e-child\" data-id=\"835e906\" data-element_type=\"container\" data-e-type=\"container\">\n\t\t<div class=\"elementor-element elementor-element-d9c3031 e-con-full e-flex e-con e-child\" data-id=\"d9c3031\" data-element_type=\"container\" data-e-type=\"container\">\n\t\t\t\t<div class=\"elementor-element elementor-element-42d42e3 elementor-widget elementor-widget-heading\" data-id=\"42d42e3\" data-element_type=\"widget\" data-e-type=\"widget\" data-widget_type=\"heading.default\">\n\t\t\t\t\t<h2 class=\"elementor-heading-title elementor-size-default\">WePerform<\/h2>\t\t\t\t<\/div>\n\t\t\t\t<div class=\"elementor-element elementor-element-cf87b0a elementor-widget elementor-widget-text-editor\" data-id=\"cf87b0a\" data-element_type=\"widget\" data-e-type=\"widget\" data-widget_type=\"text-editor.default\">\n\t\t\t\t\t\t\t\t\t<p data-start=\"585\" data-end=\"914\"><strong data-start=\"588\" data-end=\"602\">WePerform<\/strong> addresses the levers of organizational performance, with a particular focus on the subjects of financing and <strong data-start=\"736\" data-end=\"749\">taxation<\/strong> - whether R&amp;D-related, local or sector-specific. Our experts share concrete insights and feedback.<\/p>\t\t\t\t\t\t\t\t<\/div>\n\t\t\t\t<div class=\"elementor-element elementor-element-e01f2ed elementor-widget elementor-widget-image\" data-id=\"e01f2ed\" data-element_type=\"widget\" data-e-type=\"widget\" data-widget_type=\"image.default\">\n\t\t\t\t\t\t\t\t\t\t\t\t\t\t\t\t<a href=\"https:\/\/group-gac.com\/en\/weperform-podcasts\/\">\n\t\t\t\t\t\t\t<img decoding=\"async\" width=\"1030\" height=\"579\" src=\"https:\/\/group-gac.com\/wp-content\/uploads\/2025\/08\/Site-WePerform-1030x579.jpg\" class=\"attachment-large size-large wp-image-369550\" alt=\"podcast - we impact\" srcset=\"https:\/\/group-gac.com\/wp-content\/uploads\/2025\/08\/Site-WePerform-1030x579.jpg 1030w, https:\/\/group-gac.com\/wp-content\/uploads\/2025\/08\/Site-WePerform-300x169.jpg 300w, https:\/\/group-gac.com\/wp-content\/uploads\/2025\/08\/Site-WePerform-768x432.jpg 768w, https:\/\/group-gac.com\/wp-content\/uploads\/2025\/08\/Site-WePerform-1536x864.jpg 1536w, https:\/\/group-gac.com\/wp-content\/uploads\/2025\/08\/Site-WePerform-18x10.jpg 18w, https:\/\/group-gac.com\/wp-content\/uploads\/2025\/08\/Site-WePerform.jpg 1920w\" sizes=\"(max-width: 1030px) 100vw, 1030px\" \/>\t\t\t\t\t\t\t\t<\/a>\n\t\t\t\t\t\t\t\t\t\t\t\t\t\t\t<\/div>\n\t\t\t\t<\/div>\n\t\t\t\t<div class=\"elementor-element elementor-element-89cf44e elementor-align-center elementor-widget elementor-widget-button\" data-id=\"89cf44e\" data-element_type=\"widget\" data-e-type=\"widget\" data-widget_type=\"button.default\">\n\t\t\t\t\t\t\t\t\t\t<a class=\"elementor-button elementor-button-link elementor-size-sm\" href=\"https:\/\/group-gac.com\/en\/weperform-podcasts\/\">\n\t\t\t\t\t\t<span class=\"elementor-button-content-wrapper\">\n\t\t\t\t\t\t\t\t\t<span class=\"elementor-button-text\">Discover the podcast<\/span>\n\t\t\t\t\t<\/span>\n\t\t\t\t\t<\/a>\n\t\t\t\t\t\t\t\t<\/div>\n\t\t\t\t<div class=\"elementor-element elementor-element-c8b370b elementor-widget elementor-widget-spacer\" data-id=\"c8b370b\" data-element_type=\"widget\" data-e-type=\"widget\" data-widget_type=\"spacer.default\">\n\t\t\t\t\t\t\t<div class=\"elementor-spacer\">\n\t\t\t<div class=\"elementor-spacer-inner\"><\/div>\n\t\t<\/div>\n\t\t\t\t\t\t<\/div>\n\t\t\t\t<\/div>\n\t\t\t\t<\/div>\n\t\t\t\t\t<\/div>\n\t\t\t\t<\/div>\n\t\t\t\t<\/div>","protected":false},"excerpt":{"rendered":"<p>Podcasts by G.A.C. Group &#x1f399;&#xfe0f; Bienvenue sur l\u2019espace podcasts de G.A.C. Group Plongez dans WeImpact et WePerform, nos deux cha\u00eenes de podcasts d\u00e9di\u00e9es \u00e0 la transformation et \u00e0 la performance des entreprises. &#x1f3a7; Des contenus pens\u00e9s pour vous accompagner, vous inspirer et vous faire gagner en efficacit\u00e9. WeImpact WeImpact explore les grandes transitions environnementales, sociales [&hellip;]<\/p>\n","protected":false},"author":43,"featured_media":345393,"parent":0,"menu_order":0,"comment_status":"closed","ping_status":"closed","template":"","meta":{"_acf_changed":false,"_seopress_robots_primary_cat":"","_seopress_titles_title":"Podcasts G.A.C. Group : WeImpact & WePerform (RSE, Fiscalit\u00e9)","_seopress_titles_desc":"D\u00e9couvrez WeImpact (RSE, transitions) et WePerform (Financement, Fiscalit\u00e9). Nos deux cha\u00eenes de podcasts d\u00e9cryptent les leviers de performance et d'impact positif des entreprises.","_seopress_robots_index":"","site-sidebar-layout":"no-sidebar","site-content-layout":"page-builder","ast-site-content-layout":"full-width-container","site-content-style":"unboxed","site-sidebar-style":"unboxed","ast-global-header-display":"","ast-banner-title-visibility":"","ast-main-header-display":"","ast-hfb-above-header-display":"","ast-hfb-below-header-display":"","ast-hfb-mobile-header-display":"","site-post-title":"disabled","ast-breadcrumbs-content":"","ast-featured-img":"disabled","footer-sml-layout":"","ast-disable-related-posts":"","theme-transparent-header-meta":"enabled","adv-header-id-meta":"24332","stick-header-meta":"disabled","header-above-stick-meta":"","header-main-stick-meta":"","header-below-stick-meta":"","astra-migrate-meta-layouts":"set","ast-page-background-enabled":"default","ast-page-background-meta":{"desktop":{"background-color":"var(--ast-global-color-4)","background-image":"","background-repeat":"repeat","background-position":"center center","background-size":"auto","background-attachment":"scroll","background-type":"","background-media":"","overlay-type":"","overlay-color":"","overlay-opacity":"","overlay-gradient":""},"tablet":{"background-color":"","background-image":"","background-repeat":"repeat","background-position":"center center","background-size":"auto","background-attachment":"scroll","background-type":"","background-media":"","overlay-type":"","overlay-color":"","overlay-opacity":"","overlay-gradient":""},"mobile":{"background-color":"","background-image":"","background-repeat":"repeat","background-position":"center center","background-size":"auto","background-attachment":"scroll","background-type":"","background-media":"","overlay-type":"","overlay-color":"","overlay-opacity":"","overlay-gradient":""}},"ast-content-background-meta":{"desktop":{"background-color":"var(--ast-global-color-5)","background-image":"","background-repeat":"repeat","background-position":"center center","background-size":"auto","background-attachment":"scroll","background-type":"","background-media":"","overlay-type":"","overlay-color":"","overlay-opacity":"","overlay-gradient":""},"tablet":{"background-color":"var(--ast-global-color-5)","background-image":"","background-repeat":"repeat","background-position":"center center","background-size":"auto","background-attachment":"scroll","background-type":"","background-media":"","overlay-type":"","overlay-color":"","overlay-opacity":"","overlay-gradient":""},"mobile":{"background-color":"var(--ast-global-color-5)","background-image":"","background-repeat":"repeat","background-position":"center center","background-size":"auto","background-attachment":"scroll","background-type":"","background-media":"","overlay-type":"","overlay-color":"","overlay-opacity":"","overlay-gradient":""}},"footnotes":""},"business_unit":[],"offre":[],"secteur":[],"class_list":["post-345391","page","type-page","status-publish","has-post-thumbnail","hentry"],"acf":[],"_links":{"self":[{"href":"https:\/\/group-gac.com\/en\/wp-json\/wp\/v2\/pages\/345391","targetHints":{"allow":["GET"]}}],"collection":[{"href":"https:\/\/group-gac.com\/en\/wp-json\/wp\/v2\/pages"}],"about":[{"href":"https:\/\/group-gac.com\/en\/wp-json\/wp\/v2\/types\/page"}],"author":[{"embeddable":true,"href":"https:\/\/group-gac.com\/en\/wp-json\/wp\/v2\/users\/43"}],"replies":[{"embeddable":true,"href":"https:\/\/group-gac.com\/en\/wp-json\/wp\/v2\/comments?post=345391"}],"version-history":[{"count":0,"href":"https:\/\/group-gac.com\/en\/wp-json\/wp\/v2\/pages\/345391\/revisions"}],"wp:featuredmedia":[{"embeddable":true,"href":"https:\/\/group-gac.com\/en\/wp-json\/wp\/v2\/media\/345393"}],"wp:attachment":[{"href":"https:\/\/group-gac.com\/en\/wp-json\/wp\/v2\/media?parent=345391"}],"wp:term":[{"taxonomy":"business_unit","embeddable":true,"href":"https:\/\/group-gac.com\/en\/wp-json\/wp\/v2\/business_unit?post=345391"},{"taxonomy":"offre","embeddable":true,"href":"https:\/\/group-gac.com\/en\/wp-json\/wp\/v2\/offre?post=345391"},{"taxonomy":"secteur","embeddable":true,"href":"https:\/\/group-gac.com\/en\/wp-json\/wp\/v2\/secteur?post=345391"}],"curies":[{"name":"wp","href":"https:\/\/api.w.org\/{rel}","templated":true}]}}