{"id":69604,"date":"2022-02-15T11:59:23","date_gmt":"2022-02-15T10:59:23","guid":{"rendered":"https:\/\/preprod.group-gac.com\/?page_id=69604"},"modified":"2025-08-07T08:51:38","modified_gmt":"2025-08-07T06:51:38","slug":"podcasts-weimpact","status":"publish","type":"page","link":"https:\/\/group-gac.com\/en\/podcasts-weimpact\/","title":{"rendered":"Podcasts | WeImpact By G.A.C. Group"},"content":{"rendered":"<div data-elementor-type=\"wp-page\" data-elementor-id=\"69604\" class=\"elementor elementor-69604\" data-elementor-post-type=\"page\">\n\t\t\t\t<div class=\"elementor-element elementor-element-03a991f hero-banner-secteur e-flex e-con-boxed e-con e-parent\" data-id=\"03a991f\" data-element_type=\"container\" data-e-type=\"container\" data-settings=\"{&quot;background_background&quot;:&quot;gradient&quot;}\">\n\t\t\t\t\t<div class=\"e-con-inner\">\n\t\t<div class=\"elementor-element elementor-element-a17d1d9 e-con-full e-flex e-con e-child\" data-id=\"a17d1d9\" data-element_type=\"container\" data-e-type=\"container\">\n\t\t\t\t<div class=\"elementor-element elementor-element-090b349 elementor-widget elementor-widget-heading\" data-id=\"090b349\" data-element_type=\"widget\" data-e-type=\"widget\" data-widget_type=\"heading.default\">\n\t\t\t\t\t<h1 class=\"elementor-heading-title elementor-size-default\">WE IMPACT Podcasts<\/h1>\t\t\t\t<\/div>\n\t\t\t\t<div class=\"elementor-element elementor-element-dae81ee elementor-widget elementor-widget-heading\" data-id=\"dae81ee\" data-element_type=\"widget\" data-e-type=\"widget\" data-widget_type=\"heading.default\">\n\t\t\t\t\t<h2 class=\"elementor-heading-title elementor-size-default\">Responsible Innovations with Sustainable Impacts<\/h2>\t\t\t\t<\/div>\n\t\t\t\t<\/div>\n\t\t\t\t\t<\/div>\n\t\t\t\t<\/div>\n\t\t<div class=\"elementor-element elementor-element-65fb146 e-flex e-con-boxed e-con e-parent\" data-id=\"65fb146\" data-element_type=\"container\" data-e-type=\"container\" data-settings=\"{&quot;background_background&quot;:&quot;classic&quot;}\">\n\t\t\t\t\t<div class=\"e-con-inner\">\n\t\t\t\t<div class=\"elementor-element elementor-element-21d57ad elementor-widget elementor-widget-text-editor\" data-id=\"21d57ad\" data-element_type=\"widget\" data-e-type=\"widget\" data-widget_type=\"text-editor.default\">\n\t\t\t\t\t\t\t\t\t<p style=\"text-align: left;\">As a committed and anchored player for many years in the innovation ecosystem, GAC Group wishes through these podcasts to bring these innovations and their impact to the attention of as many people as possible.<\/p>\t\t\t\t\t\t\t\t<\/div>\n\t\t\t\t<div class=\"elementor-element elementor-element-379f6c7 elementor-widget elementor-widget-text-editor\" data-id=\"379f6c7\" data-element_type=\"widget\" data-e-type=\"widget\" data-widget_type=\"text-editor.default\">\n\t\t\t\t\t\t\t\t\t<p>During our episodes, we have the pleasure of highlighting partners and project leaders who, starting with an innovative idea, aim to develop concrete solutions to help change the world, protect our planet and advance society.<\/p><p>Let yourself be inspired by the lasting impacts of these responsible innovations\u2026<\/p><p><b>Good listening !<\/b><\/p>\t\t\t\t\t\t\t\t<\/div>\n\t\t\t\t\t<\/div>\n\t\t\t\t<\/div>\n\t\t<div class=\"elementor-element elementor-element-baa1a50 e-flex e-con-boxed e-con e-parent\" data-id=\"baa1a50\" data-element_type=\"container\" data-e-type=\"container\" data-settings=\"{&quot;background_background&quot;:&quot;classic&quot;}\">\n\t\t\t\t\t<div class=\"e-con-inner\">\n\t\t<div class=\"elementor-element elementor-element-23c525e e-flex e-con-boxed e-con e-child\" data-id=\"23c525e\" data-element_type=\"container\" data-e-type=\"container\">\n\t\t\t\t\t<div class=\"e-con-inner\">\n\t\t<div class=\"elementor-element elementor-element-cbd2f53 e-flex e-con-boxed e-con e-child\" data-id=\"cbd2f53\" data-element_type=\"container\" data-e-type=\"container\" data-settings=\"{&quot;background_background&quot;:&quot;classic&quot;}\">\n\t\t\t\t\t<div class=\"e-con-inner\">\n\t\t\t\t<div class=\"elementor-element elementor-element-dd52280 elementor-widget elementor-widget-heading\" data-id=\"dd52280\" data-element_type=\"widget\" data-e-type=\"widget\" data-widget_type=\"heading.default\">\n\t\t\t\t\t<h3 class=\"elementor-heading-title elementor-size-default\">Season 1<br><b>Companies innovating for a sustainable future<\/b><\/h3>\t\t\t\t<\/div>\n\t\t<div class=\"elementor-element elementor-element-15c0a7c e-con-full e-flex e-con e-child\" data-id=\"15c0a7c\" data-element_type=\"container\" data-e-type=\"container\">\n\t\t\t\t<div class=\"elementor-element elementor-element-8e0342a elementor-widget__width-initial elementor-widget elementor-widget-html\" data-id=\"8e0342a\" data-element_type=\"widget\" data-e-type=\"widget\" data-widget_type=\"html.default\">\n\t\t\t\t\t<iframe name=\"Ausha Podcast Player\" frameborder=\"0\" loading=\"lazy\" id=\"ausha-wHIn\" height=\"220\" style=\"border: none; width:100%; height:220px\" src=\"https:\/\/player.ausha.co\/?showId=3PmrjuaV5Adn&color=%233687c4&display=horizontal&podcastId=bV9Awi8a8zvO&v=3&playerId=ausha-wHIn\"><\/iframe><script src=\"https:\/\/player.ausha.co\/ausha-player.js\"><\/script>\r\n\t\t\t\t<\/div>\n\t\t\t\t<div class=\"elementor-element elementor-element-1880562 elementor-widget__width-initial elementor-widget elementor-widget-html\" data-id=\"1880562\" data-element_type=\"widget\" data-e-type=\"widget\" data-widget_type=\"html.default\">\n\t\t\t\t\t<iframe name=\"Ausha Podcast Player\" frameborder=\"0\" loading=\"lazy\" id=\"ausha-ZTvF\" height=\"220\" style=\"border: none; width:100%; height:220px\" src=\"https:\/\/player.ausha.co\/?showId=3PmrjuaV5Adn&color=%233687c4&display=horizontal&podcastId=omlgZfMDAPrB&v=3&playerId=ausha-ZTvF\"><\/iframe><script src=\"https:\/\/player.ausha.co\/ausha-player.js\"><\/script>\r\n\t\t\t\t<\/div>\n\t\t\t\t<div class=\"elementor-element elementor-element-59854e5 elementor-widget__width-initial elementor-widget elementor-widget-html\" data-id=\"59854e5\" data-element_type=\"widget\" data-e-type=\"widget\" data-widget_type=\"html.default\">\n\t\t\t\t\t<iframe name=\"Ausha Podcast Player\" frameborder=\"0\" loading=\"lazy\" id=\"ausha-iNwi\" height=\"220\" style=\"border: none; width:100%; height:220px\" src=\"https:\/\/player.ausha.co\/?showId=3PmrjuaV5Adn&color=%233687c4&display=horizontal&podcastId=yeQGkUKMzPMQ&v=3&playerId=ausha-iNwi\"><\/iframe><script src=\"https:\/\/player.ausha.co\/ausha-player.js\"><\/script>\r\n\t\t\t\t<\/div>\n\t\t\t\t<div class=\"elementor-element elementor-element-ef678fb elementor-widget__width-initial elementor-widget elementor-widget-html\" data-id=\"ef678fb\" data-element_type=\"widget\" data-e-type=\"widget\" data-widget_type=\"html.default\">\n\t\t\t\t\t<iframe name=\"Ausha Podcast Player\" frameborder=\"0\" loading=\"lazy\" id=\"ausha-MnlT\" height=\"220\" style=\"border: none; width:100%; height:220px\" src=\"https:\/\/player.ausha.co\/?showId=3PmrjuaV5Adn&display=horizontal&color=%233687c4&podcastId=oRJVKuN6VY6o&v=3&playerId=ausha-MnlT\"><\/iframe><script src=\"https:\/\/player.ausha.co\/ausha-player.js\"><\/script>\r\n\t\t\t\t<\/div>\n\t\t\t\t<\/div>\n\t\t<div class=\"elementor-element elementor-element-052f5b3 e-con-full e-flex e-con e-child\" data-id=\"052f5b3\" data-element_type=\"container\" data-e-type=\"container\">\n\t\t\t\t<div class=\"elementor-element elementor-element-0a23390 elementor-widget__width-initial elementor-widget elementor-widget-html\" data-id=\"0a23390\" data-element_type=\"widget\" data-e-type=\"widget\" data-widget_type=\"html.default\">\n\t\t\t\t\t<iframe name=\"Ausha Podcast Player\" frameborder=\"0\" loading=\"lazy\" id=\"ausha-5N5V\" height=\"220\" style=\"border: none; width:100%; height:220px\" src=\"https:\/\/player.ausha.co\/?showId=3PmrjuaV5Adn&display=horizontal&color=%233687c4&podcastId=y0Xv6HYNDaNR&v=3&playerId=ausha-5N5V\"><\/iframe><script src=\"https:\/\/player.ausha.co\/ausha-player.js\"><\/script>\r\n\t\t\t\t<\/div>\n\t\t\t\t<\/div>\n\t\t<div class=\"elementor-element elementor-element-60263ad e-con-full e-flex e-con e-child\" data-id=\"60263ad\" data-element_type=\"container\" data-e-type=\"container\">\n\t\t\t\t<div class=\"elementor-element elementor-element-494bfa4 elementor-widget__width-initial elementor-widget elementor-widget-html\" data-id=\"494bfa4\" data-element_type=\"widget\" data-e-type=\"widget\" data-widget_type=\"html.default\">\n\t\t\t\t\t<iframe name=\"Ausha Podcast Player\" frameborder=\"0\" loading=\"lazy\" id=\"ausha-M5aC\" height=\"220\" style=\"border: none; width:100%; height:220px\" src=\"https:\/\/player.ausha.co\/?showId=3PmrjuaV5Adn&display=horizontal&color=%233687c4&podcastId=braqWHgOlM0L&v=3&playerId=ausha-M5aC\"><\/iframe><script src=\"https:\/\/player.ausha.co\/ausha-player.js\"><\/script>\r\n\t\t\t\t<\/div>\n\t\t\t\t<\/div>\n\t\t<div class=\"elementor-element elementor-element-efb2778 e-con-full e-flex e-con e-child\" data-id=\"efb2778\" data-element_type=\"container\" data-e-type=\"container\">\n\t\t\t\t<div class=\"elementor-element elementor-element-84d7dc4 elementor-widget__width-initial elementor-widget elementor-widget-html\" data-id=\"84d7dc4\" data-element_type=\"widget\" data-e-type=\"widget\" data-widget_type=\"html.default\">\n\t\t\t\t\t<iframe name=\"Ausha Podcast Player\" frameborder=\"0\" loading=\"lazy\" id=\"ausha-ynAZ\" height=\"220\" style=\"border: none; width:100%; height:220px\" src=\"https:\/\/player.ausha.co\/?showId=3PmrjuaV5Adn&display=horizontal&color=%233687c4&podcastId=B1RvEhlMKXQq&v=3&playerId=ausha-ynAZ\"><\/iframe><script src=\"https:\/\/player.ausha.co\/ausha-player.js\"><\/script>\r\n\t\t\t\t<\/div>\n\t\t\t\t<\/div>\n\t\t<div class=\"elementor-element elementor-element-7dc6522 e-con-full e-flex e-con e-child\" data-id=\"7dc6522\" data-element_type=\"container\" data-e-type=\"container\">\n\t\t\t\t<div class=\"elementor-element elementor-element-297349a elementor-widget__width-initial elementor-widget elementor-widget-html\" data-id=\"297349a\" data-element_type=\"widget\" data-e-type=\"widget\" data-widget_type=\"html.default\">\n\t\t\t\t\t<iframe name=\"Ausha Podcast Player\" frameborder=\"0\" loading=\"lazy\" id=\"ausha-vAqb\" height=\"220\" style=\"border: none; width:100%; height:220px\" src=\"https:\/\/player.ausha.co\/?showId=3PmrjuaV5Adn&display=horizontal&color=%233687c4&podcastId=yEgMLfmlpn3B&v=3&playerId=ausha-vAqb\"><\/iframe><script src=\"https:\/\/player.ausha.co\/ausha-player.js\"><\/script>\t\t\t\t<\/div>\n\t\t\t\t<\/div>\n\t\t<div class=\"elementor-element elementor-element-1c44589 e-con-full e-flex e-con e-child\" data-id=\"1c44589\" data-element_type=\"container\" data-e-type=\"container\">\n\t\t\t\t<div class=\"elementor-element elementor-element-d5e539c elementor-widget__width-initial elementor-widget elementor-widget-html\" data-id=\"d5e539c\" data-element_type=\"widget\" data-e-type=\"widget\" data-widget_type=\"html.default\">\n\t\t\t\t\t<iframe name=\"Ausha Podcast Player\" frameborder=\"0\" loading=\"lazy\" id=\"ausha-smxU\" height=\"220\" style=\"border: none; width:100%; height:220px\" src=\"https:\/\/player.ausha.co\/?showId=3PmrjuaV5Adn&display=horizontal&color=%233687c4&podcastId=bz9e3i1EjqVm&v=3&playerId=ausha-smxU\"><\/iframe><script src=\"https:\/\/player.ausha.co\/ausha-player.js\"><\/script>\r\n\t\t\t\t<\/div>\n\t\t\t\t<\/div>\n\t\t<div class=\"elementor-element elementor-element-a89814c e-con-full e-flex e-con e-child\" data-id=\"a89814c\" data-element_type=\"container\" data-e-type=\"container\">\n\t\t\t\t<div class=\"elementor-element elementor-element-983bd7c elementor-widget__width-initial elementor-widget elementor-widget-html\" data-id=\"983bd7c\" data-element_type=\"widget\" data-e-type=\"widget\" data-widget_type=\"html.default\">\n\t\t\t\t\t<iframe name=\"Ausha Podcast Player\" frameborder=\"0\" loading=\"lazy\" id=\"ausha-b6kY\" height=\"220\" style=\"border: none; width:100%; height:220px\" src=\"https:\/\/player.ausha.co\/?showId=3PmrjuaV5Adn&display=horizontal&color=%233687c4&podcastId=B1RvEhVnWz3g&v=3&playerId=ausha-b6kY\"><\/iframe><script src=\"https:\/\/player.ausha.co\/ausha-player.js\"><\/script>\t\t\t\t<\/div>\n\t\t\t\t<\/div>\n\t\t<div class=\"elementor-element elementor-element-a98c720 e-con-full e-flex e-con e-child\" data-id=\"a98c720\" data-element_type=\"container\" data-e-type=\"container\">\n\t\t\t\t<div class=\"elementor-element elementor-element-2310552 elementor-widget__width-initial elementor-widget elementor-widget-html\" data-id=\"2310552\" data-element_type=\"widget\" data-e-type=\"widget\" data-widget_type=\"html.default\">\n\t\t\t\t\t<iframe name=\"Ausha Podcast Player\" frameborder=\"0\" loading=\"lazy\" id=\"ausha-wpwz\" height=\"220\" style=\"border: none; width:100%; height:220px\" src=\"https:\/\/player.ausha.co\/?showId=3PmrjuaV5Adn&display=horizontal&color=%233687c4&podcastId=yJ398sYQ8xVA&v=3&playerId=ausha-wpwz\"><\/iframe><script src=\"https:\/\/player.ausha.co\/ausha-player.js\"><\/script>\t\t\t\t<\/div>\n\t\t\t\t<\/div>\n\t\t\t\t\t<\/div>\n\t\t\t\t<\/div>\n\t\t<div class=\"elementor-element elementor-element-035118b e-flex e-con-boxed e-con e-child\" data-id=\"035118b\" data-element_type=\"container\" data-e-type=\"container\" data-settings=\"{&quot;background_background&quot;:&quot;classic&quot;}\">\n\t\t\t\t\t<div class=\"e-con-inner\">\n\t\t\t\t<div class=\"elementor-element elementor-element-40ab112 elementor-widget elementor-widget-heading\" data-id=\"40ab112\" data-element_type=\"widget\" data-e-type=\"widget\" data-widget_type=\"heading.default\">\n\t\t\t\t\t<h3 class=\"elementor-heading-title elementor-size-default\">Season 2<br><b>European projects for sustainability and inclusion<\/b><\/h3>\t\t\t\t<\/div>\n\t\t<div class=\"elementor-element elementor-element-073748a e-con-full e-flex e-con e-child\" data-id=\"073748a\" data-element_type=\"container\" data-e-type=\"container\">\n\t\t\t\t<div class=\"elementor-element elementor-element-275d57c elementor-widget__width-initial elementor-widget elementor-widget-html\" data-id=\"275d57c\" data-element_type=\"widget\" data-e-type=\"widget\" data-widget_type=\"html.default\">\n\t\t\t\t\t<iframe name=\"Ausha Podcast Player\" frameborder=\"0\" loading=\"lazy\" id=\"ausha-eP5P\" height=\"220\" style=\"border: none; width:100%; height:220px\" src=\"https:\/\/player.ausha.co\/?showId=3PmrjuaV5Adn&color=%233687c4&display=horizontal&podcastId=oRJVKuRqDgYw&v=3&playerId=ausha-eP5P\"><\/iframe><script src=\"https:\/\/player.ausha.co\/ausha-player.js\"><\/script>\r\n\t\t\t\t<\/div>\n\t\t\t\t<div class=\"elementor-element elementor-element-45dd2bd elementor-widget__width-initial elementor-widget elementor-widget-html\" data-id=\"45dd2bd\" data-element_type=\"widget\" data-e-type=\"widget\" data-widget_type=\"html.default\">\n\t\t\t\t\t<iframe name=\"Ausha Podcast Player\" frameborder=\"0\" loading=\"lazy\" id=\"ausha-XOyu\" height=\"220\" style=\"border: none; width:100%; height:220px\" src=\"https:\/\/player.ausha.co\/?showId=3PmrjuaV5Adn&color=%233687c4&display=horizontal&podcastId=bz9e3iR5qP2P&v=3&playerId=ausha-XOyu\"><\/iframe><script src=\"https:\/\/player.ausha.co\/ausha-player.js\"><\/script>\r\n\t\t\t\t<\/div>\n\t\t\t\t<div class=\"elementor-element elementor-element-150a903 elementor-widget__width-initial elementor-widget elementor-widget-html\" data-id=\"150a903\" data-element_type=\"widget\" data-e-type=\"widget\" data-widget_type=\"html.default\">\n\t\t\t\t\t<iframe name=\"Ausha Podcast Player\" frameborder=\"0\" loading=\"lazy\" id=\"ausha-WXh5\" height=\"220\" style=\"border: none; width:100%; height:220px\" src=\"https:\/\/player.ausha.co\/?showId=3PmrjuaV5Adn&color=%233687c4&display=horizontal&podcastId=BQMazhx7Pw5p&v=3&playerId=ausha-WXh5\"><\/iframe><script src=\"https:\/\/player.ausha.co\/ausha-player.js\"><\/script>\r\n\t\t\t\t<\/div>\n\t\t\t\t<div class=\"elementor-element elementor-element-173ac10 elementor-widget__width-initial elementor-widget elementor-widget-html\" data-id=\"173ac10\" data-element_type=\"widget\" data-e-type=\"widget\" data-widget_type=\"html.default\">\n\t\t\t\t\t<iframe name=\"Ausha Podcast Player\" frameborder=\"0\" loading=\"lazy\" id=\"ausha-nUjG\" height=\"220\" style=\"border: none; width:100%; height:220px\" src=\"https:\/\/player.ausha.co\/?podcastId=oZmL6FZXWDz3&playlist=false&color=%233687C4&v=3&playerId=ausha-nUjG\"><\/iframe><script src=\"https:\/\/player.ausha.co\/ausha-player.js\"><\/script>\t\t\t\t<\/div>\n\t\t\t\t<\/div>\n\t\t\t\t\t<\/div>\n\t\t\t\t<\/div>\n\t\t\t\t\t<\/div>\n\t\t\t\t<\/div>\n\t\t\t\t\t<\/div>\n\t\t\t\t<\/div>\n\t\t<div class=\"elementor-element elementor-element-618ea5c e-flex e-con-boxed e-con e-parent\" data-id=\"618ea5c\" data-element_type=\"container\" data-e-type=\"container\">\n\t\t\t\t\t<div class=\"e-con-inner\">\n\t\t\t\t<div class=\"elementor-element elementor-element-17458e5 elementor-widget elementor-widget-text-editor\" data-id=\"17458e5\" data-element_type=\"widget\" data-e-type=\"widget\" data-widget_type=\"text-editor.default\">\n\t\t\t\t\t\t\t\t\t<h4><b>To be informed of the publication of new episodes, subscribe to our podcast channel:<\/b><\/h4>\t\t\t\t\t\t\t\t<\/div>\n\t\t\t\t<div class=\"elementor-element elementor-element-debda0e elementor-align-center elementor-widget elementor-widget-button\" data-id=\"debda0e\" data-element_type=\"widget\" data-e-type=\"widget\" data-widget_type=\"button.default\">\n\t\t\t\t\t\t\t\t\t\t<a class=\"elementor-button elementor-button-link elementor-size-xl\" href=\"https:\/\/podcast.ausha.co\/we-impact\">\n\t\t\t\t\t\t<span class=\"elementor-button-content-wrapper\">\n\t\t\t\t\t\t\t\t\t<span class=\"elementor-button-text\">Subscribe<\/span>\n\t\t\t\t\t<\/span>\n\t\t\t\t\t<\/a>\n\t\t\t\t\t\t\t\t<\/div>\n\t\t\t\t\t<\/div>\n\t\t\t\t<\/div>\n\t\t\t\t<\/div>","protected":false},"excerpt":{"rendered":"<p>Podcasts WE IMPACT Des Innovations responsables aux impacts durables En tant qu\u2019acteur engag\u00e9 et ancr\u00e9 depuis de nombreuses ann\u00e9es dans l\u2019\u00e9cosyst\u00e8me de l\u2019innovation, G.A.C. Group souhaite au travers de ces podcasts porter ces innovations et leurs impact \u00e0 la connaissance du plus grand nombre. Nous avons le plaisir lors de nos \u00e9pisodes de mettre en [&hellip;]<\/p>\n","protected":false},"author":38,"featured_media":223958,"parent":0,"menu_order":0,"comment_status":"closed","ping_status":"closed","template":"","meta":{"_acf_changed":false,"_seopress_robots_primary_cat":"","_seopress_titles_title":"Podcasts | WeImpact : des Innovations responsables aux impacts durables","_seopress_titles_desc":"G.A.C. Group met en lumi\u00e8re ses partenaires qui ont pour ambition de d\u00e9velopper des solutions innovantes afin de g\u00e9n\u00e9rer un impact positif ! Bonne \u00e9coute....","_seopress_robots_index":"","site-sidebar-layout":"no-sidebar","site-content-layout":"page-builder","ast-site-content-layout":"full-width-container","site-content-style":"unboxed","site-sidebar-style":"unboxed","ast-global-header-display":"","ast-banner-title-visibility":"","ast-main-header-display":"","ast-hfb-above-header-display":"","ast-hfb-below-header-display":"","ast-hfb-mobile-header-display":"","site-post-title":"disabled","ast-breadcrumbs-content":"","ast-featured-img":"disabled","footer-sml-layout":"","ast-disable-related-posts":"","theme-transparent-header-meta":"enabled","adv-header-id-meta":"24332","stick-header-meta":"disabled","header-above-stick-meta":"","header-main-stick-meta":"","header-below-stick-meta":"","astra-migrate-meta-layouts":"set","ast-page-background-enabled":"default","ast-page-background-meta":{"desktop":{"background-color":"var(--ast-global-color-4)","background-image":"","background-repeat":"repeat","background-position":"center center","background-size":"auto","background-attachment":"scroll","background-type":"","background-media":"","overlay-type":"","overlay-color":"","overlay-opacity":"","overlay-gradient":""},"tablet":{"background-color":"","background-image":"","background-repeat":"repeat","background-position":"center center","background-size":"auto","background-attachment":"scroll","background-type":"","background-media":"","overlay-type":"","overlay-color":"","overlay-opacity":"","overlay-gradient":""},"mobile":{"background-color":"","background-image":"","background-repeat":"repeat","background-position":"center center","background-size":"auto","background-attachment":"scroll","background-type":"","background-media":"","overlay-type":"","overlay-color":"","overlay-opacity":"","overlay-gradient":""}},"ast-content-background-meta":{"desktop":{"background-color":"var(--ast-global-color-5)","background-image":"","background-repeat":"repeat","background-position":"center center","background-size":"auto","background-attachment":"scroll","background-type":"","background-media":"","overlay-type":"","overlay-color":"","overlay-opacity":"","overlay-gradient":""},"tablet":{"background-color":"var(--ast-global-color-5)","background-image":"","background-repeat":"repeat","background-position":"center center","background-size":"auto","background-attachment":"scroll","background-type":"","background-media":"","overlay-type":"","overlay-color":"","overlay-opacity":"","overlay-gradient":""},"mobile":{"background-color":"var(--ast-global-color-5)","background-image":"","background-repeat":"repeat","background-position":"center center","background-size":"auto","background-attachment":"scroll","background-type":"","background-media":"","overlay-type":"","overlay-color":"","overlay-opacity":"","overlay-gradient":""}},"footnotes":""},"business_unit":[],"offre":[],"secteur":[],"class_list":["post-69604","page","type-page","status-publish","has-post-thumbnail","hentry"],"acf":[],"_links":{"self":[{"href":"https:\/\/group-gac.com\/en\/wp-json\/wp\/v2\/pages\/69604","targetHints":{"allow":["GET"]}}],"collection":[{"href":"https:\/\/group-gac.com\/en\/wp-json\/wp\/v2\/pages"}],"about":[{"href":"https:\/\/group-gac.com\/en\/wp-json\/wp\/v2\/types\/page"}],"author":[{"embeddable":true,"href":"https:\/\/group-gac.com\/en\/wp-json\/wp\/v2\/users\/38"}],"replies":[{"embeddable":true,"href":"https:\/\/group-gac.com\/en\/wp-json\/wp\/v2\/comments?post=69604"}],"version-history":[{"count":0,"href":"https:\/\/group-gac.com\/en\/wp-json\/wp\/v2\/pages\/69604\/revisions"}],"wp:featuredmedia":[{"embeddable":true,"href":"https:\/\/group-gac.com\/en\/wp-json\/wp\/v2\/media\/223958"}],"wp:attachment":[{"href":"https:\/\/group-gac.com\/en\/wp-json\/wp\/v2\/media?parent=69604"}],"wp:term":[{"taxonomy":"business_unit","embeddable":true,"href":"https:\/\/group-gac.com\/en\/wp-json\/wp\/v2\/business_unit?post=69604"},{"taxonomy":"offre","embeddable":true,"href":"https:\/\/group-gac.com\/en\/wp-json\/wp\/v2\/offre?post=69604"},{"taxonomy":"secteur","embeddable":true,"href":"https:\/\/group-gac.com\/en\/wp-json\/wp\/v2\/secteur?post=69604"}],"curies":[{"name":"wp","href":"https:\/\/api.w.org\/{rel}","templated":true}]}}