{"id":71915,"date":"2022-03-11T12:56:35","date_gmt":"2022-03-11T11:56:35","guid":{"rendered":"https:\/\/preprod.group-gac.com\/?page_id=71915"},"modified":"2025-11-21T16:54:10","modified_gmt":"2025-11-21T15:54:10","slug":"portraits","status":"publish","type":"page","link":"https:\/\/group-gac.com\/en\/portraits\/","title":{"rendered":"Portraits of our G.A.C.'er"},"content":{"rendered":"<div data-elementor-type=\"wp-page\" data-elementor-id=\"71915\" class=\"elementor elementor-71915\" data-elementor-post-type=\"page\">\n\t\t\t\t<div class=\"elementor-element elementor-element-94834b1 e-flex e-con-boxed e-con e-parent\" data-id=\"94834b1\" data-element_type=\"container\" data-e-type=\"container\" data-settings=\"{&quot;background_background&quot;:&quot;gradient&quot;}\">\n\t\t\t\t\t<div class=\"e-con-inner\">\n\t\t<div class=\"elementor-element elementor-element-c05b501 e-con-full e-flex e-con e-child\" data-id=\"c05b501\" data-element_type=\"container\" data-e-type=\"container\">\n\t\t\t\t<div class=\"elementor-element elementor-element-463f282 elementor-widget elementor-widget-heading\" data-id=\"463f282\" data-element_type=\"widget\" data-e-type=\"widget\" data-widget_type=\"heading.default\">\n\t\t\t\t\t<h1 class=\"elementor-heading-title elementor-size-default\">Portraits of our G.A.C'ers<\/h1>\t\t\t\t<\/div>\n\t\t\t\t<\/div>\n\t\t\t\t\t<\/div>\n\t\t\t\t<\/div>\n\t\t<div class=\"elementor-element elementor-element-a356905 e-flex e-con-boxed e-con e-parent\" data-id=\"a356905\" data-element_type=\"container\" data-e-type=\"container\" data-settings=\"{&quot;background_background&quot;:&quot;classic&quot;}\">\n\t\t\t\t\t<div class=\"e-con-inner\">\n\t\t\t\t<div class=\"elementor-element elementor-element-b61a1ab elementor-widget elementor-widget-text-editor\" data-id=\"b61a1ab\" data-element_type=\"widget\" data-e-type=\"widget\" data-widget_type=\"text-editor.default\">\n\t\t\t\t\t\t\t\t\t<p style=\"text-align: left;\">G.A.C. Group is a company represented by many talents and personalities. <b>motivated<\/b>, <b>sparkling<\/b> and <b>warm<\/b>.<\/p>\t\t\t\t\t\t\t\t<\/div>\n\t\t\t\t<div class=\"elementor-element elementor-element-1adf05c elementor-widget elementor-widget-heading\" data-id=\"1adf05c\" data-element_type=\"widget\" data-e-type=\"widget\" data-widget_type=\"heading.default\">\n\t\t\t\t\t<h2 class=\"elementor-heading-title elementor-size-default\">Discover their portraits:<\/h2>\t\t\t\t<\/div>\n\t\t\t\t\t<\/div>\n\t\t\t\t<\/div>\n\t\t<div class=\"elementor-element elementor-element-58c63ef e-flex e-con-boxed e-con e-parent\" data-id=\"58c63ef\" data-element_type=\"container\" data-e-type=\"container\" data-settings=\"{&quot;background_background&quot;:&quot;classic&quot;}\">\n\t\t\t\t\t<div class=\"e-con-inner\">\n\t\t\t\t<div class=\"elementor-element elementor-element-efd726c elementor-widget elementor-widget-gallery\" data-id=\"efd726c\" data-element_type=\"widget\" data-e-type=\"widget\" data-settings=\"{&quot;gallery_layout&quot;:&quot;masonry&quot;,&quot;columns&quot;:3,&quot;gap&quot;:{&quot;unit&quot;:&quot;px&quot;,&quot;size&quot;:24,&quot;sizes&quot;:[]},&quot;gap_tablet&quot;:{&quot;unit&quot;:&quot;px&quot;,&quot;size&quot;:24,&quot;sizes&quot;:[]},&quot;gap_mobile&quot;:{&quot;unit&quot;:&quot;px&quot;,&quot;size&quot;:16,&quot;sizes&quot;:[]},&quot;lazyload&quot;:&quot;yes&quot;,&quot;columns_tablet&quot;:2,&quot;columns_mobile&quot;:1,&quot;gap_laptop&quot;:{&quot;unit&quot;:&quot;px&quot;,&quot;size&quot;:10,&quot;sizes&quot;:[]},&quot;link_to&quot;:&quot;file&quot;,&quot;overlay_background&quot;:&quot;yes&quot;,&quot;content_hover_animation&quot;:&quot;fade-in&quot;}\" data-widget_type=\"gallery.default\">\n\t\t\t\t\t\t\t<div class=\"elementor-gallery__container\">\n\t\t\t\t\t\t\t<a class=\"e-gallery-item elementor-gallery-item elementor-animated-content\" href=\"https:\/\/group-gac.com\/wp-content\/uploads\/2024\/08\/Portrait-Agathe-LONGUEVILLE-min.png\" data-elementor-open-lightbox=\"yes\" data-elementor-lightbox-slideshow=\"efd726c\" data-e-action-hash=\"#elementor-action%3Aaction%3Dlightbox%26settings%3DeyJpZCI6MjU1ODMyLCJ1cmwiOiJodHRwczpcL1wvZ3JvdXAtZ2FjLmNvbVwvd3AtY29udGVudFwvdXBsb2Fkc1wvMjAyNFwvMDhcL1BvcnRyYWl0LUFnYXRoZS1MT05HVUVWSUxMRS1taW4ucG5nIiwic2xpZGVzaG93IjoiZWZkNzI2YyJ9\">\n\t\t\t\t\t<div class=\"e-gallery-image elementor-gallery-item__image\" data-thumbnail=\"https:\/\/group-gac.com\/wp-content\/uploads\/2024\/08\/Portrait-Agathe-LONGUEVILLE-min-1086x1536.png\" data-width=\"1086\" data-height=\"1536\" aria-label=\"portrait agathe longueville min\" role=\"img\" ><\/div>\n\t\t\t\t\t\t\t\t\t\t\t<div class=\"elementor-gallery-item__overlay\"><\/div>\n\t\t\t\t\t\t\t\t\t\t\t\t\t\t<\/a>\n\t\t\t\t\t\t\t<a class=\"e-gallery-item elementor-gallery-item elementor-animated-content\" href=\"https:\/\/group-gac.com\/wp-content\/uploads\/2024\/06\/Portrait-Maxime-BRENON-min.png\" data-elementor-open-lightbox=\"yes\" data-elementor-lightbox-slideshow=\"efd726c\" data-e-action-hash=\"#elementor-action%3Aaction%3Dlightbox%26settings%3DeyJpZCI6MjQxNjkzLCJ1cmwiOiJodHRwczpcL1wvZ3JvdXAtZ2FjLmNvbVwvd3AtY29udGVudFwvdXBsb2Fkc1wvMjAyNFwvMDZcL1BvcnRyYWl0LU1heGltZS1CUkVOT04tbWluLnBuZyIsInNsaWRlc2hvdyI6ImVmZDcyNmMifQ%3D%3D\">\n\t\t\t\t\t<div class=\"e-gallery-image elementor-gallery-item__image\" data-thumbnail=\"https:\/\/group-gac.com\/wp-content\/uploads\/2024\/06\/Portrait-Maxime-BRENON-min-1086x1536.png\" data-width=\"1086\" data-height=\"1536\" aria-label=\"portrait maxime brenon\" role=\"img\" ><\/div>\n\t\t\t\t\t\t\t\t\t\t\t<div class=\"elementor-gallery-item__overlay\"><\/div>\n\t\t\t\t\t\t\t\t\t\t\t\t\t\t<\/a>\n\t\t\t\t\t\t\t<a class=\"e-gallery-item elementor-gallery-item elementor-animated-content\" href=\"https:\/\/group-gac.com\/wp-content\/uploads\/2024\/05\/Portrait-Celine-MELINAT.png\" data-elementor-open-lightbox=\"yes\" data-elementor-lightbox-slideshow=\"efd726c\" data-e-action-hash=\"#elementor-action%3Aaction%3Dlightbox%26settings%3DeyJpZCI6MjMzNjE2LCJ1cmwiOiJodHRwczpcL1wvZ3JvdXAtZ2FjLmNvbVwvd3AtY29udGVudFwvdXBsb2Fkc1wvMjAyNFwvMDVcL1BvcnRyYWl0LUNlbGluZS1NRUxJTkFULnBuZyIsInNsaWRlc2hvdyI6ImVmZDcyNmMifQ%3D%3D\">\n\t\t\t\t\t<div class=\"e-gallery-image elementor-gallery-item__image\" data-thumbnail=\"https:\/\/group-gac.com\/wp-content\/uploads\/2024\/05\/Portrait-Celine-MELINAT-1086x1536.png\" data-width=\"1086\" data-height=\"1536\" aria-label=\"\" role=\"img\" ><\/div>\n\t\t\t\t\t\t\t\t\t\t\t<div class=\"elementor-gallery-item__overlay\"><\/div>\n\t\t\t\t\t\t\t\t\t\t\t\t\t\t<\/a>\n\t\t\t\t\t\t\t<a class=\"e-gallery-item elementor-gallery-item elementor-animated-content\" href=\"https:\/\/group-gac.com\/wp-content\/uploads\/2024\/04\/Portrait-Hanna-FETET-3-1.png\" data-elementor-open-lightbox=\"yes\" data-elementor-lightbox-slideshow=\"efd726c\" data-e-action-hash=\"#elementor-action%3Aaction%3Dlightbox%26settings%3DeyJpZCI6MjI3OTgwLCJ1cmwiOiJodHRwczpcL1wvZ3JvdXAtZ2FjLmNvbVwvd3AtY29udGVudFwvdXBsb2Fkc1wvMjAyNFwvMDRcL1BvcnRyYWl0LUhhbm5hLUZFVEVULTMtMS5wbmciLCJzbGlkZXNob3ciOiJlZmQ3MjZjIn0%3D\">\n\t\t\t\t\t<div class=\"e-gallery-image elementor-gallery-item__image\" data-thumbnail=\"https:\/\/group-gac.com\/wp-content\/uploads\/2024\/04\/Portrait-Hanna-FETET-3-1-1086x1536.png\" data-width=\"1086\" data-height=\"1536\" aria-label=\"\" role=\"img\" ><\/div>\n\t\t\t\t\t\t\t\t\t\t\t<div class=\"elementor-gallery-item__overlay\"><\/div>\n\t\t\t\t\t\t\t\t\t\t\t\t\t\t<\/a>\n\t\t\t\t\t\t\t<a class=\"e-gallery-item elementor-gallery-item elementor-animated-content\" href=\"https:\/\/group-gac.com\/wp-content\/uploads\/2024\/04\/Portrait-Marc-PATTINSON-min.png\" data-elementor-open-lightbox=\"yes\" data-elementor-lightbox-slideshow=\"efd726c\" data-e-action-hash=\"#elementor-action%3Aaction%3Dlightbox%26settings%3DeyJpZCI6MjI4MjE2LCJ1cmwiOiJodHRwczpcL1wvZ3JvdXAtZ2FjLmNvbVwvd3AtY29udGVudFwvdXBsb2Fkc1wvMjAyNFwvMDRcL1BvcnRyYWl0LU1hcmMtUEFUVElOU09OLW1pbi5wbmciLCJzbGlkZXNob3ciOiJlZmQ3MjZjIn0%3D\">\n\t\t\t\t\t<div class=\"e-gallery-image elementor-gallery-item__image\" data-thumbnail=\"https:\/\/group-gac.com\/wp-content\/uploads\/2024\/04\/Portrait-Marc-PATTINSON-min-1086x1536.png\" data-width=\"1086\" data-height=\"1536\" aria-label=\"\" role=\"img\" ><\/div>\n\t\t\t\t\t\t\t\t\t\t\t<div class=\"elementor-gallery-item__overlay\"><\/div>\n\t\t\t\t\t\t\t\t\t\t\t\t\t\t<\/a>\n\t\t\t\t\t\t\t<a class=\"e-gallery-item elementor-gallery-item elementor-animated-content\" href=\"https:\/\/group-gac.com\/wp-content\/uploads\/2024\/04\/Portrait-Agathe-COURTEILLE-min.png\" data-elementor-open-lightbox=\"yes\" data-elementor-lightbox-slideshow=\"efd726c\" data-e-action-hash=\"#elementor-action%3Aaction%3Dlightbox%26settings%3DeyJpZCI6MjI4MjEyLCJ1cmwiOiJodHRwczpcL1wvZ3JvdXAtZ2FjLmNvbVwvd3AtY29udGVudFwvdXBsb2Fkc1wvMjAyNFwvMDRcL1BvcnRyYWl0LUFnYXRoZS1DT1VSVEVJTExFLW1pbi5wbmciLCJzbGlkZXNob3ciOiJlZmQ3MjZjIn0%3D\">\n\t\t\t\t\t<div class=\"e-gallery-image elementor-gallery-item__image\" data-thumbnail=\"https:\/\/group-gac.com\/wp-content\/uploads\/2024\/04\/Portrait-Agathe-COURTEILLE-min-1086x1536.png\" data-width=\"1086\" data-height=\"1536\" aria-label=\"\" role=\"img\" ><\/div>\n\t\t\t\t\t\t\t\t\t\t\t<div class=\"elementor-gallery-item__overlay\"><\/div>\n\t\t\t\t\t\t\t\t\t\t\t\t\t\t<\/a>\n\t\t\t\t\t\t\t<a class=\"e-gallery-item elementor-gallery-item elementor-animated-content\" href=\"https:\/\/group-gac.com\/wp-content\/uploads\/2024\/04\/Portrait-Svetlana-KLESSOVA-min.png\" data-elementor-open-lightbox=\"yes\" data-elementor-lightbox-slideshow=\"efd726c\" data-e-action-hash=\"#elementor-action%3Aaction%3Dlightbox%26settings%3DeyJpZCI6MjI4MjE5LCJ1cmwiOiJodHRwczpcL1wvZ3JvdXAtZ2FjLmNvbVwvd3AtY29udGVudFwvdXBsb2Fkc1wvMjAyNFwvMDRcL1BvcnRyYWl0LVN2ZXRsYW5hLUtMRVNTT1ZBLW1pbi5wbmciLCJzbGlkZXNob3ciOiJlZmQ3MjZjIn0%3D\">\n\t\t\t\t\t<div class=\"e-gallery-image elementor-gallery-item__image\" data-thumbnail=\"https:\/\/group-gac.com\/wp-content\/uploads\/2024\/04\/Portrait-Svetlana-KLESSOVA-min-1086x1536.png\" data-width=\"1086\" data-height=\"1536\" aria-label=\"\" role=\"img\" ><\/div>\n\t\t\t\t\t\t\t\t\t\t\t<div class=\"elementor-gallery-item__overlay\"><\/div>\n\t\t\t\t\t\t\t\t\t\t\t\t\t\t<\/a>\n\t\t\t\t\t\t\t<a class=\"e-gallery-item elementor-gallery-item elementor-animated-content\" href=\"https:\/\/group-gac.com\/wp-content\/uploads\/2024\/10\/Portrait-Jean-Charles-MINIER.png\" data-elementor-open-lightbox=\"yes\" data-elementor-lightbox-slideshow=\"efd726c\" data-e-action-hash=\"#elementor-action%3Aaction%3Dlightbox%26settings%3DeyJpZCI6MjcwMzk4LCJ1cmwiOiJodHRwczpcL1wvZ3JvdXAtZ2FjLmNvbVwvd3AtY29udGVudFwvdXBsb2Fkc1wvMjAyNFwvMTBcL1BvcnRyYWl0LUplYW4tQ2hhcmxlcy1NSU5JRVIucG5nIiwic2xpZGVzaG93IjoiZWZkNzI2YyJ9\">\n\t\t\t\t\t<div class=\"e-gallery-image elementor-gallery-item__image\" data-thumbnail=\"https:\/\/group-gac.com\/wp-content\/uploads\/2024\/10\/Portrait-Jean-Charles-MINIER-1086x1536.png\" data-width=\"1086\" data-height=\"1536\" aria-label=\"portrait jean charles minier\" role=\"img\" ><\/div>\n\t\t\t\t\t\t\t\t\t\t\t<div class=\"elementor-gallery-item__overlay\"><\/div>\n\t\t\t\t\t\t\t\t\t\t\t\t\t\t<\/a>\n\t\t\t\t\t\t\t<a class=\"e-gallery-item elementor-gallery-item elementor-animated-content\" href=\"https:\/\/group-gac.com\/wp-content\/uploads\/2024\/10\/Portrait-Christian-1.png\" data-elementor-open-lightbox=\"yes\" data-elementor-lightbox-slideshow=\"efd726c\" data-e-action-hash=\"#elementor-action%3Aaction%3Dlightbox%26settings%3DeyJpZCI6MjczNDA4LCJ1cmwiOiJodHRwczpcL1wvZ3JvdXAtZ2FjLmNvbVwvd3AtY29udGVudFwvdXBsb2Fkc1wvMjAyNFwvMTBcL1BvcnRyYWl0LUNocmlzdGlhbi0xLnBuZyIsInNsaWRlc2hvdyI6ImVmZDcyNmMifQ%3D%3D\">\n\t\t\t\t\t<div class=\"e-gallery-image elementor-gallery-item__image\" data-thumbnail=\"https:\/\/group-gac.com\/wp-content\/uploads\/2024\/10\/Portrait-Christian-1-1086x1536.png\" data-width=\"1086\" data-height=\"1536\" aria-label=\"\" role=\"img\" ><\/div>\n\t\t\t\t\t\t\t\t\t\t\t<div class=\"elementor-gallery-item__overlay\"><\/div>\n\t\t\t\t\t\t\t\t\t\t\t\t\t\t<\/a>\n\t\t\t\t\t\t\t<a class=\"e-gallery-item elementor-gallery-item elementor-animated-content\" href=\"https:\/\/group-gac.com\/wp-content\/uploads\/2024\/11\/Portrait-Thorsten-KOHLISCH.png\" data-elementor-open-lightbox=\"yes\" data-elementor-lightbox-slideshow=\"efd726c\" data-e-action-hash=\"#elementor-action%3Aaction%3Dlightbox%26settings%3DeyJpZCI6MjgzMTgyLCJ1cmwiOiJodHRwczpcL1wvZ3JvdXAtZ2FjLmNvbVwvd3AtY29udGVudFwvdXBsb2Fkc1wvMjAyNFwvMTFcL1BvcnRyYWl0LVRob3JzdGVuLUtPSExJU0NILnBuZyIsInNsaWRlc2hvdyI6ImVmZDcyNmMifQ%3D%3D\">\n\t\t\t\t\t<div class=\"e-gallery-image elementor-gallery-item__image\" data-thumbnail=\"https:\/\/group-gac.com\/wp-content\/uploads\/2024\/11\/Portrait-Thorsten-KOHLISCH-1086x1536.png\" data-width=\"1086\" data-height=\"1536\" aria-label=\"\" role=\"img\" ><\/div>\n\t\t\t\t\t\t\t\t\t\t\t<div class=\"elementor-gallery-item__overlay\"><\/div>\n\t\t\t\t\t\t\t\t\t\t\t\t\t\t<\/a>\n\t\t\t\t\t\t\t<a class=\"e-gallery-item elementor-gallery-item elementor-animated-content\" href=\"https:\/\/group-gac.com\/wp-content\/uploads\/2024\/12\/Portrait-Sarah-GUILLERM.png\" data-elementor-open-lightbox=\"yes\" data-elementor-lightbox-slideshow=\"efd726c\" data-e-action-hash=\"#elementor-action%3Aaction%3Dlightbox%26settings%3DeyJpZCI6MjkwOTUxLCJ1cmwiOiJodHRwczpcL1wvZ3JvdXAtZ2FjLmNvbVwvd3AtY29udGVudFwvdXBsb2Fkc1wvMjAyNFwvMTJcL1BvcnRyYWl0LVNhcmFoLUdVSUxMRVJNLnBuZyIsInNsaWRlc2hvdyI6ImVmZDcyNmMifQ%3D%3D\">\n\t\t\t\t\t<div class=\"e-gallery-image elementor-gallery-item__image\" data-thumbnail=\"https:\/\/group-gac.com\/wp-content\/uploads\/2024\/12\/Portrait-Sarah-GUILLERM-1086x1536.png\" data-width=\"1086\" data-height=\"1536\" aria-label=\"\" role=\"img\" ><\/div>\n\t\t\t\t\t\t\t\t\t\t\t<div class=\"elementor-gallery-item__overlay\"><\/div>\n\t\t\t\t\t\t\t\t\t\t\t\t\t\t<\/a>\n\t\t\t\t\t\t\t<a class=\"e-gallery-item elementor-gallery-item elementor-animated-content\" href=\"https:\/\/group-gac.com\/wp-content\/uploads\/2025\/01\/Portrait-Sarah-GUILLERM-1.png\" data-elementor-open-lightbox=\"yes\" data-elementor-lightbox-slideshow=\"efd726c\" data-e-action-hash=\"#elementor-action%3Aaction%3Dlightbox%26settings%3DeyJpZCI6MzAyNzM4LCJ1cmwiOiJodHRwczpcL1wvZ3JvdXAtZ2FjLmNvbVwvd3AtY29udGVudFwvdXBsb2Fkc1wvMjAyNVwvMDFcL1BvcnRyYWl0LVNhcmFoLUdVSUxMRVJNLTEucG5nIiwic2xpZGVzaG93IjoiZWZkNzI2YyJ9\">\n\t\t\t\t\t<div class=\"e-gallery-image elementor-gallery-item__image\" data-thumbnail=\"https:\/\/group-gac.com\/wp-content\/uploads\/2025\/01\/Portrait-Sarah-GUILLERM-1-1086x1536.png\" data-width=\"1086\" data-height=\"1536\" aria-label=\"\" role=\"img\" ><\/div>\n\t\t\t\t\t\t\t\t\t\t\t<div class=\"elementor-gallery-item__overlay\"><\/div>\n\t\t\t\t\t\t\t\t\t\t\t\t\t\t<\/a>\n\t\t\t\t\t\t\t<a class=\"e-gallery-item elementor-gallery-item elementor-animated-content\" href=\"https:\/\/group-gac.com\/wp-content\/uploads\/2025\/03\/Portrait-Anais-2.png\" data-elementor-open-lightbox=\"yes\" data-elementor-lightbox-slideshow=\"efd726c\" data-e-action-hash=\"#elementor-action%3Aaction%3Dlightbox%26settings%3DeyJpZCI6MzE4MzU0LCJ1cmwiOiJodHRwczpcL1wvZ3JvdXAtZ2FjLmNvbVwvd3AtY29udGVudFwvdXBsb2Fkc1wvMjAyNVwvMDNcL1BvcnRyYWl0LUFuYWlzLTIucG5nIiwic2xpZGVzaG93IjoiZWZkNzI2YyJ9\">\n\t\t\t\t\t<div class=\"e-gallery-image elementor-gallery-item__image\" data-thumbnail=\"https:\/\/group-gac.com\/wp-content\/uploads\/2025\/03\/Portrait-Anais-2-1086x1536.png\" data-width=\"1086\" data-height=\"1536\" aria-label=\"\" role=\"img\" ><\/div>\n\t\t\t\t\t\t\t\t\t\t\t<div class=\"elementor-gallery-item__overlay\"><\/div>\n\t\t\t\t\t\t\t\t\t\t\t\t\t\t<\/a>\n\t\t\t\t\t\t\t<a class=\"e-gallery-item elementor-gallery-item elementor-animated-content\" href=\"https:\/\/group-gac.com\/wp-content\/uploads\/2025\/04\/Portrait-Anais-1.png\" data-elementor-open-lightbox=\"yes\" data-elementor-lightbox-slideshow=\"efd726c\" data-e-action-hash=\"#elementor-action%3Aaction%3Dlightbox%26settings%3DeyJpZCI6MzMxODQzLCJ1cmwiOiJodHRwczpcL1wvZ3JvdXAtZ2FjLmNvbVwvd3AtY29udGVudFwvdXBsb2Fkc1wvMjAyNVwvMDRcL1BvcnRyYWl0LUFuYWlzLTEucG5nIiwic2xpZGVzaG93IjoiZWZkNzI2YyJ9\">\n\t\t\t\t\t<div class=\"e-gallery-image elementor-gallery-item__image\" data-thumbnail=\"https:\/\/group-gac.com\/wp-content\/uploads\/2025\/04\/Portrait-Anais-1-1086x1536.png\" data-width=\"1086\" data-height=\"1536\" aria-label=\"\" role=\"img\" ><\/div>\n\t\t\t\t\t\t\t\t\t\t\t<div class=\"elementor-gallery-item__overlay\"><\/div>\n\t\t\t\t\t\t\t\t\t\t\t\t\t\t<\/a>\n\t\t\t\t\t\t\t<a class=\"e-gallery-item elementor-gallery-item elementor-animated-content\" href=\"https:\/\/group-gac.com\/wp-content\/uploads\/2025\/06\/Portrait-Anais.png\" data-elementor-open-lightbox=\"yes\" data-elementor-lightbox-slideshow=\"efd726c\" data-e-action-hash=\"#elementor-action%3Aaction%3Dlightbox%26settings%3DeyJpZCI6MzQ3ODA3LCJ1cmwiOiJodHRwczpcL1wvZ3JvdXAtZ2FjLmNvbVwvd3AtY29udGVudFwvdXBsb2Fkc1wvMjAyNVwvMDZcL1BvcnRyYWl0LUFuYWlzLnBuZyIsInNsaWRlc2hvdyI6ImVmZDcyNmMifQ%3D%3D\">\n\t\t\t\t\t<div class=\"e-gallery-image elementor-gallery-item__image\" data-thumbnail=\"https:\/\/group-gac.com\/wp-content\/uploads\/2025\/06\/Portrait-Anais-1086x1536.png\" data-width=\"1086\" data-height=\"1536\" aria-label=\"\" role=\"img\" ><\/div>\n\t\t\t\t\t\t\t\t\t\t\t<div class=\"elementor-gallery-item__overlay\"><\/div>\n\t\t\t\t\t\t\t\t\t\t\t\t\t\t<\/a>\n\t\t\t\t\t\t\t<a class=\"e-gallery-item elementor-gallery-item elementor-animated-content\" href=\"https:\/\/group-gac.com\/wp-content\/uploads\/2025\/07\/Portrait-Johanne-LABELLE-1-2.png\" data-elementor-open-lightbox=\"yes\" data-elementor-lightbox-slideshow=\"efd726c\" data-e-action-hash=\"#elementor-action%3Aaction%3Dlightbox%26settings%3DeyJpZCI6MzYwNzgxLCJ1cmwiOiJodHRwczpcL1wvZ3JvdXAtZ2FjLmNvbVwvd3AtY29udGVudFwvdXBsb2Fkc1wvMjAyNVwvMDdcL1BvcnRyYWl0LUpvaGFubmUtTEFCRUxMRS0xLTIucG5nIiwic2xpZGVzaG93IjoiZWZkNzI2YyJ9\">\n\t\t\t\t\t<div class=\"e-gallery-image elementor-gallery-item__image\" data-thumbnail=\"https:\/\/group-gac.com\/wp-content\/uploads\/2025\/07\/Portrait-Johanne-LABELLE-1-2-1086x1536.png\" data-width=\"1086\" data-height=\"1536\" aria-label=\"\" role=\"img\" ><\/div>\n\t\t\t\t\t\t\t\t\t\t\t<div class=\"elementor-gallery-item__overlay\"><\/div>\n\t\t\t\t\t\t\t\t\t\t\t\t\t\t<\/a>\n\t\t\t\t\t\t\t<a class=\"e-gallery-item elementor-gallery-item elementor-animated-content\" href=\"https:\/\/group-gac.com\/wp-content\/uploads\/2025\/11\/Portrait-Kevin-ABDELLI-1.png\" data-elementor-open-lightbox=\"yes\" data-elementor-lightbox-slideshow=\"efd726c\" data-e-action-hash=\"#elementor-action%3Aaction%3Dlightbox%26settings%3DeyJpZCI6NDAyNDY3LCJ1cmwiOiJodHRwczpcL1wvZ3JvdXAtZ2FjLmNvbVwvd3AtY29udGVudFwvdXBsb2Fkc1wvMjAyNVwvMTFcL1BvcnRyYWl0LUtldmluLUFCREVMTEktMS5wbmciLCJzbGlkZXNob3ciOiJlZmQ3MjZjIn0%3D\">\n\t\t\t\t\t<div class=\"e-gallery-image elementor-gallery-item__image\" data-thumbnail=\"https:\/\/group-gac.com\/wp-content\/uploads\/2025\/11\/Portrait-Kevin-ABDELLI-1-1086x1536.png\" data-width=\"1086\" data-height=\"1536\" aria-label=\"\" role=\"img\" ><\/div>\n\t\t\t\t\t\t\t\t\t\t\t<div class=\"elementor-gallery-item__overlay\"><\/div>\n\t\t\t\t\t\t\t\t\t\t\t\t\t\t<\/a>\n\t\t\t\t\t<\/div>\n\t\t\t\t\t<\/div>\n\t\t\t\t\t<\/div>\n\t\t\t\t<\/div>\n\t\t<div class=\"elementor-element elementor-element-686311f e-flex e-con-boxed e-con e-parent\" data-id=\"686311f\" data-element_type=\"container\" data-e-type=\"container\" data-settings=\"{&quot;background_background&quot;:&quot;classic&quot;}\">\n\t\t\t\t\t<div class=\"e-con-inner\">\n\t\t\t\t<div class=\"elementor-element elementor-element-1572607 elementor-widget elementor-widget-heading\" data-id=\"1572607\" data-element_type=\"widget\" data-e-type=\"widget\" data-widget_type=\"heading.default\">\n\t\t\t\t\t<h3 class=\"elementor-heading-title elementor-size-default\">Discover corporate life at G.A.C. Group :<\/h3>\t\t\t\t<\/div>\n\t\t<a class=\"elementor-element elementor-element-3a847b9 e-con-full e-transform e-flex e-con e-child\" data-id=\"3a847b9\" data-element_type=\"container\" data-e-type=\"container\" data-settings=\"{&quot;background_background&quot;:&quot;classic&quot;,&quot;_transform_scale_effect_hover&quot;:{&quot;unit&quot;:&quot;px&quot;,&quot;size&quot;:1.02,&quot;sizes&quot;:[]},&quot;_transform_scale_effect_hover_laptop&quot;:{&quot;unit&quot;:&quot;px&quot;,&quot;size&quot;:&quot;&quot;,&quot;sizes&quot;:[]},&quot;_transform_scale_effect_hover_tablet&quot;:{&quot;unit&quot;:&quot;px&quot;,&quot;size&quot;:&quot;&quot;,&quot;sizes&quot;:[]},&quot;_transform_scale_effect_hover_mobile&quot;:{&quot;unit&quot;:&quot;px&quot;,&quot;size&quot;:&quot;&quot;,&quot;sizes&quot;:[]}}\" href=\"https:\/\/group-gac.com\/en\/team-at-work\/\">\n\t\t<div class=\"elementor-element elementor-element-0a8e385 e-con-full e-flex e-con e-child\" data-id=\"0a8e385\" data-element_type=\"container\" data-e-type=\"container\" data-settings=\"{&quot;background_background&quot;:&quot;classic&quot;}\">\n\t\t\t\t<div class=\"elementor-element elementor-element-f5ee798 elementor-widget elementor-widget-heading\" data-id=\"f5ee798\" data-element_type=\"widget\" data-e-type=\"widget\" data-widget_type=\"heading.default\">\n\t\t\t\t\t<p class=\"elementor-heading-title elementor-size-default\">TEAM@WORK<\/p>\t\t\t\t<\/div>\n\t\t\t\t<\/div>\n\t\t<div class=\"elementor-element elementor-element-3e605d8 e-flex e-con-boxed e-con e-child\" data-id=\"3e605d8\" data-element_type=\"container\" data-e-type=\"container\">\n\t\t\t\t\t<div class=\"e-con-inner\">\n\t\t\t\t<div class=\"elementor-element elementor-element-174ebbb elementor-widget elementor-widget-heading\" data-id=\"174ebbb\" data-element_type=\"widget\" data-e-type=\"widget\" data-widget_type=\"heading.default\">\n\t\t\t\t\t<p class=\"elementor-heading-title elementor-size-default\">Links and corporate life<\/p>\t\t\t\t<\/div>\n\t\t\t\t\t<\/div>\n\t\t\t\t<\/div>\n\t\t\t\t<\/a>\n\t\t\t\t\t<\/div>\n\t\t\t\t<\/div>\n\t\t\t\t<\/div>","protected":false},"excerpt":{"rendered":"<p>Portraits of our G.A.C. employees G.A.C. Group is a company represented by many talented, motivated, vibrant, and warm individuals. Discover their portraits: Discover corporate life at G.A.C. Group: TEAM@WORK Link and corporate life<\/p>","protected":false},"author":38,"featured_media":114573,"parent":0,"menu_order":0,"comment_status":"closed","ping_status":"closed","template":"","meta":{"_acf_changed":false,"_seopress_robots_primary_cat":"","_seopress_titles_title":"Portraits de nos G.A.C.&#039;ers : d\u00e9couvrez leurs talents cach\u00e9s","_seopress_titles_desc":"G.A.C. Group est repr\u00e9sent\u00e9e par de nombreux talents et des personnalit\u00e9s motiv\u00e9es, p\u00e9tillantes et chaleureuses. D\u00e9couvrez leurs portraits !","_seopress_robots_index":"","site-sidebar-layout":"no-sidebar","site-content-layout":"page-builder","ast-site-content-layout":"default","site-content-style":"default","site-sidebar-style":"default","ast-global-header-display":"","ast-banner-title-visibility":"","ast-main-header-display":"","ast-hfb-above-header-display":"","ast-hfb-below-header-display":"","ast-hfb-mobile-header-display":"","site-post-title":"disabled","ast-breadcrumbs-content":"","ast-featured-img":"disabled","footer-sml-layout":"","ast-disable-related-posts":"","theme-transparent-header-meta":"enabled","adv-header-id-meta":"24332","stick-header-meta":"default","header-above-stick-meta":"","header-main-stick-meta":"","header-below-stick-meta":"","astra-migrate-meta-layouts":"default","ast-page-background-enabled":"default","ast-page-background-meta":{"desktop":{"background-color":"var(--ast-global-color-4)","background-image":"","background-repeat":"repeat","background-position":"center center","background-size":"auto","background-attachment":"scroll","background-type":"","background-media":"","overlay-type":"","overlay-color":"","overlay-opacity":"","overlay-gradient":""},"tablet":{"background-color":"","background-image":"","background-repeat":"repeat","background-position":"center center","background-size":"auto","background-attachment":"scroll","background-type":"","background-media":"","overlay-type":"","overlay-color":"","overlay-opacity":"","overlay-gradient":""},"mobile":{"background-color":"","background-image":"","background-repeat":"repeat","background-position":"center center","background-size":"auto","background-attachment":"scroll","background-type":"","background-media":"","overlay-type":"","overlay-color":"","overlay-opacity":"","overlay-gradient":""}},"ast-content-background-meta":{"desktop":{"background-color":"var(--ast-global-color-5)","background-image":"","background-repeat":"repeat","background-position":"center center","background-size":"auto","background-attachment":"scroll","background-type":"","background-media":"","overlay-type":"","overlay-color":"","overlay-opacity":"","overlay-gradient":""},"tablet":{"background-color":"var(--ast-global-color-5)","background-image":"","background-repeat":"repeat","background-position":"center center","background-size":"auto","background-attachment":"scroll","background-type":"","background-media":"","overlay-type":"","overlay-color":"","overlay-opacity":"","overlay-gradient":""},"mobile":{"background-color":"var(--ast-global-color-5)","background-image":"","background-repeat":"repeat","background-position":"center center","background-size":"auto","background-attachment":"scroll","background-type":"","background-media":"","overlay-type":"","overlay-color":"","overlay-opacity":"","overlay-gradient":""}},"footnotes":""},"business_unit":[],"offre":[],"secteur":[],"class_list":["post-71915","page","type-page","status-publish","has-post-thumbnail","hentry"],"acf":[],"_links":{"self":[{"href":"https:\/\/group-gac.com\/en\/wp-json\/wp\/v2\/pages\/71915","targetHints":{"allow":["GET"]}}],"collection":[{"href":"https:\/\/group-gac.com\/en\/wp-json\/wp\/v2\/pages"}],"about":[{"href":"https:\/\/group-gac.com\/en\/wp-json\/wp\/v2\/types\/page"}],"author":[{"embeddable":true,"href":"https:\/\/group-gac.com\/en\/wp-json\/wp\/v2\/users\/38"}],"replies":[{"embeddable":true,"href":"https:\/\/group-gac.com\/en\/wp-json\/wp\/v2\/comments?post=71915"}],"version-history":[{"count":0,"href":"https:\/\/group-gac.com\/en\/wp-json\/wp\/v2\/pages\/71915\/revisions"}],"wp:featuredmedia":[{"embeddable":true,"href":"https:\/\/group-gac.com\/en\/wp-json\/wp\/v2\/media\/114573"}],"wp:attachment":[{"href":"https:\/\/group-gac.com\/en\/wp-json\/wp\/v2\/media?parent=71915"}],"wp:term":[{"taxonomy":"business_unit","embeddable":true,"href":"https:\/\/group-gac.com\/en\/wp-json\/wp\/v2\/business_unit?post=71915"},{"taxonomy":"offre","embeddable":true,"href":"https:\/\/group-gac.com\/en\/wp-json\/wp\/v2\/offre?post=71915"},{"taxonomy":"secteur","embeddable":true,"href":"https:\/\/group-gac.com\/en\/wp-json\/wp\/v2\/secteur?post=71915"}],"curies":[{"name":"wp","href":"https:\/\/api.w.org\/{rel}","templated":true}]}}