{"id":96275,"date":"2022-08-31T06:21:29","date_gmt":"2022-08-31T04:21:29","guid":{"rendered":"https:\/\/preprod.group-gac.com\/?page_id=96275"},"modified":"2025-08-28T16:47:32","modified_gmt":"2025-08-28T14:47:32","slug":"newsletter","status":"publish","type":"page","link":"https:\/\/group-gac.com\/en\/newsletter\/","title":{"rendered":"Newsletter"},"content":{"rendered":"<div data-elementor-type=\"wp-page\" data-elementor-id=\"96275\" class=\"elementor elementor-96275\" data-elementor-post-type=\"page\">\n\t\t\t\t<div class=\"elementor-element elementor-element-4b65f1b e-flex e-con-boxed e-con e-parent\" data-id=\"4b65f1b\" data-element_type=\"container\" data-e-type=\"container\" data-settings=\"{&quot;background_background&quot;:&quot;gradient&quot;}\">\n\t\t\t\t\t<div class=\"e-con-inner\">\n\t\t<div class=\"elementor-element elementor-element-ccf9073 e-con-full e-flex e-con e-child\" data-id=\"ccf9073\" data-element_type=\"container\" data-e-type=\"container\">\n\t\t\t\t<div class=\"elementor-element elementor-element-b0c62c6 elementor-widget elementor-widget-heading\" data-id=\"b0c62c6\" data-element_type=\"widget\" data-e-type=\"widget\" data-widget_type=\"heading.default\">\n\t\t\t\t\t<h1 class=\"elementor-heading-title elementor-size-default\">Newsletter<\/h1>\t\t\t\t<\/div>\n\t\t\t\t<\/div>\n\t\t\t\t\t<\/div>\n\t\t\t\t<\/div>\n\t\t<div class=\"elementor-element elementor-element-e8b1423 e-flex e-con-boxed e-con e-parent\" data-id=\"e8b1423\" data-element_type=\"container\" data-e-type=\"container\" data-settings=\"{&quot;background_background&quot;:&quot;classic&quot;}\">\n\t\t\t\t\t<div class=\"e-con-inner\">\n\t\t\t\t<div class=\"elementor-element elementor-element-4670787 elementor-widget__width-inherit elementor-widget elementor-widget-heading\" data-id=\"4670787\" data-element_type=\"widget\" data-e-type=\"widget\" data-widget_type=\"heading.default\">\n\t\t\t\t\t<h2 class=\"elementor-heading-title elementor-size-default\">Subscribe to our thematic newsletters!<\/h2>\t\t\t\t<\/div>\n\t\t\t\t<div class=\"elementor-element elementor-element-dc1a9ec elementor-widget elementor-widget-text-editor\" data-id=\"dc1a9ec\" data-element_type=\"widget\" data-e-type=\"widget\" data-widget_type=\"text-editor.default\">\n\t\t\t\t\t\t\t\t\t<p>Receive our monthly or bimonthly news updates, depending on the topic (Innovation, Finance &amp; Tax, HR, CSR).<br data-start=\"286\" data-end=\"289\" \/>Subscribe to the newsletters that interest you, and find out more below.<\/p>\t\t\t\t\t\t\t\t<\/div>\n\t\t<div class=\"elementor-element elementor-element-69f3a24 e-con-full e-flex e-con e-child\" data-id=\"69f3a24\" data-element_type=\"container\" data-e-type=\"container\" data-settings=\"{&quot;background_background&quot;:&quot;classic&quot;}\">\n\t\t\t\t<div class=\"elementor-element elementor-element-df6cea8 newsletter-form elementor-widget elementor-widget-html\" data-id=\"df6cea8\" data-element_type=\"widget\" data-e-type=\"widget\" data-widget_type=\"html.default\">\n\t\t\t\t\t<iframe src=\"https:\/\/ressources.group-gac.com\/l\/1052283\/2024-01-08\/wl2\" width=\"100%\" height=\"870\" type=\"text\/html\" frameborder=\"0\" allowtransparency=\"true\" style=\"border: 0\"><\/iframe>\t\t\t\t<\/div>\n\t\t\t\t<div class=\"elementor-element elementor-element-c2d1cd8 elementor-widget elementor-widget-text-editor\" data-id=\"c2d1cd8\" data-element_type=\"widget\" data-e-type=\"widget\" data-widget_type=\"text-editor.default\">\n\t\t\t\t\t\t\t\t\t<ul><li><strong>Tax News Innovation by G.A.C.\u00a0<\/strong>Monthly newsletter on the latest developments in tax incentives for innovation (CIR, CII, IP Box): finance law, tax doctrine, case law, etc.\u00a0<\/li><li><strong>Innovation News by G.A.C. : <\/strong>Bimonthly panorama of strategy, management and inspiration\u00a0<\/li><li><strong>L'Actu Finance et Fiscale by G.A.C. : <\/strong>Bimonthly panorama on cash management, taxation and financial management\u00a0<\/li><li><strong>HR News by G.A.C. : <\/strong>Monthly panorama of HR trends, payroll and DSN management, risk management (AT\/MP) and diversity and inclusion issues.<\/li><li><strong>CSR News by G.A.C. : <\/strong>Bimonthly panorama of corporate social responsibility, including environmental, social and energy issues<\/li><\/ul>\t\t\t\t\t\t\t\t<\/div>\n\t\t\t\t<\/div>\n\t\t\t\t\t<\/div>\n\t\t\t\t<\/div>\n\t\t\t\t<\/div>","protected":false},"excerpt":{"rendered":"<p>Newsletter Abonnez-vous \u00e0 nos newsletters th\u00e9matiques ! Recevez nos actualit\u00e9s mensuelles ou bimestrielles selon les th\u00e9matiques (Innovation, Finance &amp; Fiscalit\u00e9, RH, RSE).Inscrivez-vous aux newsletters qui vous int\u00e9ressent, et d\u00e9couvrez le d\u00e9tail ci-dessous. Les Actualit\u00e9s fiscales Innovation by G.A.C.\u00a0: Newsletter mensuelle sur les \u00e9volutions des dispositifs fiscaux en faveur de l&rsquo;innovation (CIR, CII, IP Box) : [&hellip;]<\/p>\n","protected":false},"author":42,"featured_media":0,"parent":0,"menu_order":0,"comment_status":"closed","ping_status":"closed","template":"","meta":{"_acf_changed":false,"_seopress_robots_primary_cat":"","_seopress_titles_title":"Newsletter - G.A.C. Group","_seopress_titles_desc":"Abonnez-vous \u00e0 nos newsletters pour \u00eatre inform\u00e9 des derni\u00e8res nouveaut\u00e9s en fiscalit\u00e9 de l&#039;innovation et performance RH.","_seopress_robots_index":"","site-sidebar-layout":"no-sidebar","site-content-layout":"page-builder","ast-site-content-layout":"default","site-content-style":"default","site-sidebar-style":"default","ast-global-header-display":"","ast-banner-title-visibility":"","ast-main-header-display":"","ast-hfb-above-header-display":"","ast-hfb-below-header-display":"","ast-hfb-mobile-header-display":"","site-post-title":"disabled","ast-breadcrumbs-content":"","ast-featured-img":"disabled","footer-sml-layout":"","ast-disable-related-posts":"","theme-transparent-header-meta":"","adv-header-id-meta":"","stick-header-meta":"","header-above-stick-meta":"","header-main-stick-meta":"","header-below-stick-meta":"","astra-migrate-meta-layouts":"default","ast-page-background-enabled":"default","ast-page-background-meta":{"desktop":{"background-color":"var(--ast-global-color-4)","background-image":"","background-repeat":"repeat","background-position":"center center","background-size":"auto","background-attachment":"scroll","background-type":"","background-media":"","overlay-type":"","overlay-color":"","overlay-opacity":"","overlay-gradient":""},"tablet":{"background-color":"","background-image":"","background-repeat":"repeat","background-position":"center center","background-size":"auto","background-attachment":"scroll","background-type":"","background-media":"","overlay-type":"","overlay-color":"","overlay-opacity":"","overlay-gradient":""},"mobile":{"background-color":"","background-image":"","background-repeat":"repeat","background-position":"center center","background-size":"auto","background-attachment":"scroll","background-type":"","background-media":"","overlay-type":"","overlay-color":"","overlay-opacity":"","overlay-gradient":""}},"ast-content-background-meta":{"desktop":{"background-color":"var(--ast-global-color-5)","background-image":"","background-repeat":"repeat","background-position":"center center","background-size":"auto","background-attachment":"scroll","background-type":"","background-media":"","overlay-type":"","overlay-color":"","overlay-opacity":"","overlay-gradient":""},"tablet":{"background-color":"var(--ast-global-color-5)","background-image":"","background-repeat":"repeat","background-position":"center center","background-size":"auto","background-attachment":"scroll","background-type":"","background-media":"","overlay-type":"","overlay-color":"","overlay-opacity":"","overlay-gradient":""},"mobile":{"background-color":"var(--ast-global-color-5)","background-image":"","background-repeat":"repeat","background-position":"center center","background-size":"auto","background-attachment":"scroll","background-type":"","background-media":"","overlay-type":"","overlay-color":"","overlay-opacity":"","overlay-gradient":""}},"footnotes":""},"business_unit":[],"offre":[],"secteur":[],"class_list":["post-96275","page","type-page","status-publish","hentry"],"acf":[],"_links":{"self":[{"href":"https:\/\/group-gac.com\/en\/wp-json\/wp\/v2\/pages\/96275","targetHints":{"allow":["GET"]}}],"collection":[{"href":"https:\/\/group-gac.com\/en\/wp-json\/wp\/v2\/pages"}],"about":[{"href":"https:\/\/group-gac.com\/en\/wp-json\/wp\/v2\/types\/page"}],"author":[{"embeddable":true,"href":"https:\/\/group-gac.com\/en\/wp-json\/wp\/v2\/users\/42"}],"replies":[{"embeddable":true,"href":"https:\/\/group-gac.com\/en\/wp-json\/wp\/v2\/comments?post=96275"}],"version-history":[{"count":0,"href":"https:\/\/group-gac.com\/en\/wp-json\/wp\/v2\/pages\/96275\/revisions"}],"wp:attachment":[{"href":"https:\/\/group-gac.com\/en\/wp-json\/wp\/v2\/media?parent=96275"}],"wp:term":[{"taxonomy":"business_unit","embeddable":true,"href":"https:\/\/group-gac.com\/en\/wp-json\/wp\/v2\/business_unit?post=96275"},{"taxonomy":"offre","embeddable":true,"href":"https:\/\/group-gac.com\/en\/wp-json\/wp\/v2\/offre?post=96275"},{"taxonomy":"secteur","embeddable":true,"href":"https:\/\/group-gac.com\/en\/wp-json\/wp\/v2\/secteur?post=96275"}],"curies":[{"name":"wp","href":"https:\/\/api.w.org\/{rel}","templated":true}]}}